{"id":12289,"date":"2024-12-28T12:56:56","date_gmt":"2024-12-28T12:56:56","guid":{"rendered":"https:\/\/matrymonium.com\/index.php\/user\/"},"modified":"2024-12-28T13:05:37","modified_gmt":"2024-12-28T13:05:37","slug":"profil","status":"publish","type":"page","link":"https:\/\/matrymonium.com\/index.php\/profil\/","title":{"rendered":"profil"},"content":{"rendered":"<div class=\"um um-profile um-11625 um-role-\">\n\t<div class=\"um-form\" data-mode=\"profile\" data-form_id=\"11625\">\n\t\t\t<div class=\"um-cover\"\n\t\tdata-user_id=\"0\" data-ratio=\"2.7:1\">\n\t\t\n\t\t\t<div class=\"um-dropdown\" data-element=\"div.um-cover\" data-position=\"bc\" data-trigger=\"click\">\n\t\t\t\t<div class=\"um-dropdown-b\">\n\t\t\t\t\t<div class=\"um-dropdown-arr\"><i class=\"\"><\/i><\/div>\n\t\t\t\t\t<ul>\n\t\t\t\t\t\t\t\t\t\t\t\t\t<li><a href=\"javascript:void(0);\" class=\"um-manual-trigger\" data-parent=\".um-cover\" data-child=\".um-btn-auto-width\">T\u00e9l\u00e9verser une photo de couverture<\/a><\/li>\n\t\t\t\t\t\t\t\t\t\t\t\t\t<li><a href=\"javascript:void(0);\" class=\"um-dropdown-hide\">Annuler<\/a><\/li>\n\t\t\t\t\t\t\t\t\t\t\t<\/ul>\n\t\t\t\t<\/div>\n\t\t\t<\/div>\n\n\t\t\t<div style=\"display: none !important;\"><div  id=\"um_field_11625_cover_photo\" class=\"um-field um-field-image  um-field-cover_photo um-field-image um-field-type_image\" data-key=\"cover_photo\" data-mode=\"\" data-upload-label=\"T\u00e9l\u00e9verser\"><input type=\"hidden\" name=\"cover_photo\" id=\"cover_photo\" value=\"\"  aria-invalid=\"false\" \/><div class=\"um-field-label\"><label for=\"cover_photo\">Modifier votre photo de couverture<\/label><div class=\"um-clear\"><\/div><\/div><div class=\"um-field-area\" style=\"text-align: center;\"><div class=\"um-single-image-preview crop\" data-crop=\"cover\" data-key=\"cover_photo\"><a href=\"javascript:void(0);\" class=\"cancel\"><i class=\"um-icon-close\"><\/i><\/a><img decoding=\"async\" class=\"fusion-lazyload-ignore\" src=\"\" alt=\"\" \/><div class=\"um-clear\"><\/div><\/div><a href=\"javascript:void(0);\" data-modal=\"um_upload_single\" data-modal-size=\"large\" data-modal-copy=\"1\" class=\"um-button um-btn-auto-width\">T\u00e9l\u00e9verser<\/a><\/div><div class=\"um-modal-hidden-content\"><div class=\"um-modal-header\"> Modifier votre photo de couverture<\/div><div class=\"um-modal-body\"><div class=\"um-single-image-preview crop\"  data-crop=\"cover\" data-ratio=\"2.7\" data-min_width=\"1000\" data-min_height=\"\" data-coord=\"\"><a href=\"javascript:void(0);\" class=\"cancel\"><i class=\"um-icon-close\"><\/i><\/a><img decoding=\"async\" class=\"fusion-lazyload-ignore\" src=\"\" alt=\"\" \/><div class=\"um-clear\"><\/div><\/div><div class=\"um-clear\"><\/div><div class=\"um-single-image-upload\" data-user_id=\"\" data-nonce=\"3daff366c2\" data-timestamp=\"1776346779\"  data-set_id=\"11625\" data-set_mode=\"\" data-type=\"image\" data-key=\"cover_photo\" data-max_size=\"999999999\" data-max_size_error=\"Cette image est trop volumineuse\u00a0!\" data-min_size_error=\"Cette image est trop petite\u00a0!\" data-extension_error=\"D\u00e9sole, cette image n\u2019est pas valide.\"  data-allowed_types=\"gif,jpg,jpeg,png\" data-upload_text=\"T\u00e9l\u00e9verser ici la photo de couverture du profil&lt;small class=&quot;um-max-filesize&quot;&gt;( max: &lt;span&gt;953.7MB&lt;\/span&gt; )&lt;\/small&gt;\" data-max_files_error=\"Vous ne pouvez t\u00e9l\u00e9verser qu\u2019une seule image\" data-upload_help_text=\"\">T\u00e9l\u00e9verser<\/div><div class=\"um-modal-footer\">\n\t\t\t\t\t\t\t\t\t<div class=\"um-modal-right\">\n\t\t\t\t\t\t\t\t\t\t<a href=\"javascript:void(0);\" class=\"um-modal-btn um-finish-upload image disabled\" data-key=\"cover_photo\" data-change=\"Modifier la photo\" data-processing=\"En cours\u2026\">Appliquer<\/a>\n\t\t\t\t\t\t\t\t\t\t<a href=\"javascript:void(0);\" class=\"um-modal-btn alt\" data-action=\"um_remove_modal\"> Annuler<\/a>\n\t\t\t\t\t\t\t\t\t<\/div>\n\t\t\t\t\t\t\t\t\t<div class=\"um-clear\"><\/div>\n\t\t\t\t\t\t\t\t<\/div><\/div><\/div><\/div><\/div>\t\t<div class=\"um-cover-e\" data-ratio=\"2.7:1\">\n\t\t\t\t\t\t\t<a href=\"javascript:void(0);\" class=\"um-cover-add\"><span class=\"um-cover-add-i\"><i\n\t\t\t\t\tclass=\"um-icon-plus um-tip-n\"\n\t\t\t\t\ttitle=\"T\u00e9l\u00e9verser une photo de couverture\"><\/i><\/span><\/a>\n\t\t\t\t\t\t<\/div>\n\t\t\t<\/div>\n\t\n\t<div class=\"um-header\">\n\n\t\t\n\t\t<div class=\"um-profile-photo\" data-user_id=\"0\"  aria-invalid=\"false\" >\n\n\t\t\t<a href=\"\" class=\"um-profile-photo-img\" title=\"\">\n\t\t\t\t<span class=\"um-profile-photo-overlay\">\n\t\t\t<span class=\"um-profile-photo-overlay-s\">\n\t\t\t\t<ins>\n\t\t\t\t\t<i class=\"um-faicon-camera\"><\/i>\n\t\t\t\t<\/ins>\n\t\t\t<\/span>\n\t\t<\/span><img alt='' src='https:\/\/secure.gravatar.com\/avatar\/?s=190&#038;d=mm&#038;r=g' srcset='https:\/\/secure.gravatar.com\/avatar\/?s=380&#038;d=mm&#038;r=g 2x' class='avatar avatar-190 photo avatar-default' height='190' width='190' \/>\t\t\t<\/a>\n\n\t\t\t<div style=\"display: none !important;\"><div  id=\"um_field_11625_profile_photo\" class=\"um-field um-field-image  um-field-profile_photo um-field-image um-field-type_image\" data-key=\"profile_photo\" data-mode=\"\" data-upload-label=\"T\u00e9l\u00e9verser\"><input type=\"hidden\" name=\"profile_photo\" id=\"profile_photo\" value=\"\"  aria-invalid=\"false\" \/><div class=\"um-field-label\"><label for=\"profile_photo\">Modifiez votre photo de profil<\/label><div class=\"um-clear\"><\/div><\/div><div class=\"um-field-area\" style=\"text-align: center;\"><div class=\"um-single-image-preview crop\" data-crop=\"square\" data-key=\"profile_photo\"><a href=\"javascript:void(0);\" class=\"cancel\"><i class=\"um-icon-close\"><\/i><\/a><img decoding=\"async\" class=\"fusion-lazyload-ignore\" src=\"\" alt=\"\" \/><div class=\"um-clear\"><\/div><\/div><a href=\"javascript:void(0);\" data-modal=\"um_upload_single\" data-modal-size=\"normal\" data-modal-copy=\"1\" class=\"um-button um-btn-auto-width\">T\u00e9l\u00e9verser<\/a><\/div><div class=\"um-modal-hidden-content\"><div class=\"um-modal-header\"> Modifiez votre photo de profil<\/div><div class=\"um-modal-body\"><div class=\"um-single-image-preview crop\"  data-crop=\"square\" data-ratio=\"1\" data-min_width=\"190\" data-min_height=\"190\" data-coord=\"\"><a href=\"javascript:void(0);\" class=\"cancel\"><i class=\"um-icon-close\"><\/i><\/a><img decoding=\"async\" class=\"fusion-lazyload-ignore\" src=\"\" alt=\"\" \/><div class=\"um-clear\"><\/div><\/div><div class=\"um-clear\"><\/div><div class=\"um-single-image-upload\" data-user_id=\"\" data-nonce=\"3daff366c2\" data-timestamp=\"1776346779\"  data-set_id=\"11625\" data-set_mode=\"\" data-type=\"image\" data-key=\"profile_photo\" data-max_size=\"999999999\" data-max_size_error=\"Cette image est trop volumineuse\u00a0!\" data-min_size_error=\"Cette image est trop petite\u00a0!\" data-extension_error=\"D\u00e9sole, cette image n\u2019est pas valide.\"  data-allowed_types=\"gif,jpg,jpeg,png\" data-upload_text=\"T\u00e9l\u00e9verser votre photo ici&lt;small class=&quot;um-max-filesize&quot;&gt;( max: &lt;span&gt;953.7MB&lt;\/span&gt; )&lt;\/small&gt;\" data-max_files_error=\"Vous ne pouvez t\u00e9l\u00e9verser qu\u2019une seule image\" data-upload_help_text=\"\">T\u00e9l\u00e9verser<\/div><div class=\"um-modal-footer\">\n\t\t\t\t\t\t\t\t\t<div class=\"um-modal-right\">\n\t\t\t\t\t\t\t\t\t\t<a href=\"javascript:void(0);\" class=\"um-modal-btn um-finish-upload image disabled\" data-key=\"profile_photo\" data-change=\"Modifier la photo\" data-processing=\"En cours\u2026\">Appliquer<\/a>\n\t\t\t\t\t\t\t\t\t\t<a href=\"javascript:void(0);\" class=\"um-modal-btn alt\" data-action=\"um_remove_modal\"> Annuler<\/a>\n\t\t\t\t\t\t\t\t\t<\/div>\n\t\t\t\t\t\t\t\t\t<div class=\"um-clear\"><\/div>\n\t\t\t\t\t\t\t\t<\/div><\/div><\/div><\/div><\/div>\n\t\t\t<div class=\"um-dropdown\" data-element=\"div.um-profile-photo\" data-position=\"bc\" data-trigger=\"click\">\n\t\t\t\t<div class=\"um-dropdown-b\">\n\t\t\t\t\t<div class=\"um-dropdown-arr\"><i class=\"\"><\/i><\/div>\n\t\t\t\t\t<ul>\n\t\t\t\t\t\t\t\t\t\t\t\t\t<li><a href=\"javascript:void(0);\" class=\"um-manual-trigger\" data-parent=\".um-profile-photo\" data-child=\".um-btn-auto-width\" data-alt_text=\"Modifier la photo\">T\u00e9l\u00e9verser une photo<\/a><\/li>\n\t\t\t\t\t\t\t\t\t\t\t\t\t<li><a href=\"javascript:void(0);\" class=\"um-reset-profile-photo\" data-user_id=\"0\" data-default_src=\"https:\/\/matrymonium.com\/wp-content\/plugins\/ultimate-member\/assets\/img\/default_avatar.jpg\" style=\"display:none;\">Retirer la photo<\/a><\/li>\n\t\t\t\t\t\t\t\t\t\t\t\t\t<li><a href=\"javascript:void(0);\" class=\"um-dropdown-hide\">Annuler<\/a><\/li>\n\t\t\t\t\t\t\t\t\t\t\t<\/ul>\n\t\t\t\t<\/div>\n\t\t\t<\/div>\n\n\t\t\t\n\t\t<\/div>\n\n\t\t<div class=\"um-profile-meta\">\n\n\t\t\t\n\t\t\t<div class=\"um-main-meta\">\n\n\t\t\t\t\t\t\t\t\t<div class=\"um-name\">\n\n\t\t\t\t\t\t<a href=\"\"\n\t\t\t\t\t\t   title=\"\"><\/a>\n\n\t\t\t\t\t\t\t\t\t\t\t<\/div>\n\t\t\t\t\n\t\t\t\t<div class=\"um-clear\"><\/div>\n\n\t\t\t\t\n\t\t\t<\/div>\n\n\t\t\t\n\t\t\t<div class=\"um-profile-status \">\n\t\t\t\t<span>\n\t\t\t\t\tL\u2019\u00e9tat de ce compte est \u00ab\u00a0Ind\u00e9fini\u00a0\u00bb\t\t\t\t<\/span>\n\t\t\t<\/div>\n\n\t\t\t\t\t<\/div>\n\t\t<div class=\"um-clear\"><\/div>\n\n\t\t\n\t<\/div>\n\n\t\n\t\t<div class=\"um-profile-navbar \">\n\t\t\t\t\t\t<div class=\"um-clear\"><\/div>\n\t\t<\/div>\n\n\t\t\n\t\t\t<div class=\"um-profile-nav\">\n\n\t\t\t\t\n\t\t\t\t\t<div class=\"um-profile-nav-item um-profile-nav-main  active\">\n\t\t\t\t\t\t\t\t\t\t\t\t\t<a href=\"https:\/\/matrymonium.com\/index.php\/wp-json\/wp\/v2\/pages\/12289?profiletab=main\" class=\"uimob800-show uimob500-show uimob340-show um-tip-n\"\n\t\t\t\t\t\t\t   title=\"\u00c0 propos\" original-title=\"\u00c0 propos\" >\n\n\t\t\t\t\t\t\t\t<i class=\"um-faicon-user\"><\/i>\n\n\t\t\t\t\t\t\t\t\n\t\t\t\t\t\t\t\t<span class=\"uimob800-hide uimob500-hide uimob340-hide title\">\u00c0 propos<\/span>\n\t\t\t\t\t\t\t<\/a>\n\t\t\t\t\t\t\t<a href=\"https:\/\/matrymonium.com\/index.php\/wp-json\/wp\/v2\/pages\/12289?profiletab=main\" class=\"uimob800-hide uimob500-hide uimob340-hide\"\n\t\t\t\t\t\t\t   title=\"\u00c0 propos\" >\n\n\t\t\t\t\t\t\t\t<i class=\"um-faicon-user\"><\/i>\n\n\t\t\t\t\t\t\t\t\n\t\t\t\t\t\t\t\t<span class=\"title\">\u00c0 propos<\/span>\n\t\t\t\t\t\t\t<\/a>\n\t\t\t\t\t\t\t\t\t\t\t<\/div>\n\n\t\t\t\t\n\t\t\t\t\t<div class=\"um-profile-nav-item um-profile-nav-posts \">\n\t\t\t\t\t\t\t\t\t\t\t\t\t<a href=\"https:\/\/matrymonium.com\/index.php\/wp-json\/wp\/v2\/pages\/12289?profiletab=posts\" class=\"uimob800-show uimob500-show uimob340-show um-tip-n\"\n\t\t\t\t\t\t\t   title=\"Publications\" original-title=\"Publications\" >\n\n\t\t\t\t\t\t\t\t<i class=\"um-faicon-pencil\"><\/i>\n\n\t\t\t\t\t\t\t\t\n\t\t\t\t\t\t\t\t<span class=\"uimob800-hide uimob500-hide uimob340-hide title\">Publications<\/span>\n\t\t\t\t\t\t\t<\/a>\n\t\t\t\t\t\t\t<a href=\"https:\/\/matrymonium.com\/index.php\/wp-json\/wp\/v2\/pages\/12289?profiletab=posts\" class=\"uimob800-hide uimob500-hide uimob340-hide\"\n\t\t\t\t\t\t\t   title=\"Publications\" >\n\n\t\t\t\t\t\t\t\t<i class=\"um-faicon-pencil\"><\/i>\n\n\t\t\t\t\t\t\t\t\n\t\t\t\t\t\t\t\t<span class=\"title\">Publications<\/span>\n\t\t\t\t\t\t\t<\/a>\n\t\t\t\t\t\t\t\t\t\t\t<\/div>\n\n\t\t\t\t\n\t\t\t\t\t<div class=\"um-profile-nav-item um-profile-nav-comments \">\n\t\t\t\t\t\t\t\t\t\t\t\t\t<a href=\"https:\/\/matrymonium.com\/index.php\/wp-json\/wp\/v2\/pages\/12289?profiletab=comments\" class=\"uimob800-show uimob500-show uimob340-show um-tip-n\"\n\t\t\t\t\t\t\t   title=\"Commentaires\" original-title=\"Commentaires\" >\n\n\t\t\t\t\t\t\t\t<i class=\"um-faicon-comment\"><\/i>\n\n\t\t\t\t\t\t\t\t\n\t\t\t\t\t\t\t\t<span class=\"uimob800-hide uimob500-hide uimob340-hide title\">Commentaires<\/span>\n\t\t\t\t\t\t\t<\/a>\n\t\t\t\t\t\t\t<a href=\"https:\/\/matrymonium.com\/index.php\/wp-json\/wp\/v2\/pages\/12289?profiletab=comments\" class=\"uimob800-hide uimob500-hide uimob340-hide\"\n\t\t\t\t\t\t\t   title=\"Commentaires\" >\n\n\t\t\t\t\t\t\t\t<i class=\"um-faicon-comment\"><\/i>\n\n\t\t\t\t\t\t\t\t\n\t\t\t\t\t\t\t\t<span class=\"title\">Commentaires<\/span>\n\t\t\t\t\t\t\t<\/a>\n\t\t\t\t\t\t\t\t\t\t\t<\/div>\n\n\t\t\t\t\n\t\t\t\t<div class=\"um-clear\"><\/div>\n\n\t\t\t<\/div>\n\n\t\t\t\t\t\t<div class=\"um-profile-body main main-default\">\n\n\t\t\t\t\t<p class=\"um-profile-note\"><i class=\"um-faicon-frown-o\"><\/i><span>Ce compte n\u2019a pas encore ajout\u00e9 d\u2019informations \u00e0 son profil.<\/span><\/p>\t\t\t\t\t<div class=\"clear\"><\/div>\n\t\t\t\t<\/div>\n\t\t\t\t\t<\/div>\n<\/div>\n<style>\n\t\t\t.um-11625.um {\n\t\t\tmax-width: 1000px;\n\t\t}\n\t\t<\/style>\n<style>\n\t\t\t.um-11625.um .um-profile-body {\n\t\t\tmax-width: 600px;\n\t\t}\n\t\t.um-11625.um .um-profile-photo a.um-profile-photo-img {\n\t\twidth: 190px;\n\t\theight: 190px;\n\t}\n\t.um-11625.um .um-profile-photo a.um-profile-photo-img {\n\t\ttop: -105px;\n\t}\n\t\t\t.um-11625.um .um-profile-meta {\n\t\t\tpadding-left: 250px;\n\t\t}\n\t<\/style>\n\n","protected":false},"excerpt":{"rendered":"T\u00e9l\u00e9verser une photo de couverture Annuler Modifier votre photo de couvertureT\u00e9l\u00e9verser Modifier votre photo de couvertureT\u00e9l\u00e9verser Appliquer Annuler Modifiez votre [...]","protected":false},"author":1,"featured_media":0,"parent":0,"menu_order":0,"comment_status":"closed","ping_status":"closed","template":"","meta":{"site-sidebar-layout":"default","site-content-layout":"","ast-site-content-layout":"default","site-content-style":"default","site-sidebar-style":"default","ast-global-header-display":"","ast-banner-title-visibility":"","ast-main-header-display":"","ast-hfb-above-header-display":"","ast-hfb-below-header-display":"","ast-hfb-mobile-header-display":"","site-post-title":"","ast-breadcrumbs-content":"","ast-featured-img":"","footer-sml-layout":"","ast-disable-related-posts":"","theme-transparent-header-meta":"","adv-header-id-meta":"","stick-header-meta":"","header-above-stick-meta":"","header-main-stick-meta":"","header-below-stick-meta":"","astra-migrate-meta-layouts":"default","ast-page-background-enabled":"default","ast-page-background-meta":{"desktop":{"background-color":"var(--ast-global-color-5)","background-image":"","background-repeat":"repeat","background-position":"center center","background-size":"auto","background-attachment":"scroll","background-type":"","background-media":"","overlay-type":"","overlay-color":"","overlay-opacity":"","overlay-gradient":""},"tablet":{"background-color":"","background-image":"","background-repeat":"repeat","background-position":"center center","background-size":"auto","background-attachment":"scroll","background-type":"","background-media":"","overlay-type":"","overlay-color":"","overlay-opacity":"","overlay-gradient":""},"mobile":{"background-color":"","background-image":"","background-repeat":"repeat","background-position":"center center","background-size":"auto","background-attachment":"scroll","background-type":"","background-media":"","overlay-type":"","overlay-color":"","overlay-opacity":"","overlay-gradient":""}},"ast-content-background-meta":{"desktop":{"background-color":"var(--ast-global-color-4)","background-image":"","background-repeat":"repeat","background-position":"center center","background-size":"auto","background-attachment":"scroll","background-type":"","background-media":"","overlay-type":"","overlay-color":"","overlay-opacity":"","overlay-gradient":""},"tablet":{"background-color":"var(--ast-global-color-4)","background-image":"","background-repeat":"repeat","background-position":"center center","background-size":"auto","background-attachment":"scroll","background-type":"","background-media":"","overlay-type":"","overlay-color":"","overlay-opacity":"","overlay-gradient":""},"mobile":{"background-color":"var(--ast-global-color-4)","background-image":"","background-repeat":"repeat","background-position":"center center","background-size":"auto","background-attachment":"scroll","background-type":"","background-media":"","overlay-type":"","overlay-color":"","overlay-opacity":"","overlay-gradient":""}},"_kadence_starter_templates_imported_post":false,"footnotes":""},"class_list":["post-12289","page","type-page","status-publish","hentry"],"yoast_head":"<!-- This site is optimized with the Yoast SEO plugin v27.1.1 - https:\/\/yoast.com\/product\/yoast-seo-wordpress\/ -->\n<title>profil - Matrymonium<\/title>\n<meta name=\"description\" content=\"Matrymonium est une agence matrimoniale professionnelle, implant\u00e9e au Maroc, sp\u00e9cialis\u00e9e dans l\u2019accompagnement de personnes s\u00e9rieuses en vue de trouver leur partenaire \u00e0 l\u2019\u00e9chelle internationale.\" \/>\n<meta name=\"robots\" content=\"index, follow, max-snippet:-1, max-image-preview:large, max-video-preview:-1\" \/>\n<link rel=\"canonical\" href=\"https:\/\/matrymonium.com\/index.php\/profil\/\" \/>\n<meta property=\"og:locale\" content=\"fr_FR\" \/>\n<meta property=\"og:type\" content=\"article\" \/>\n<meta property=\"og:title\" content=\"profil - Matrymonium\" \/>\n<meta property=\"og:description\" content=\"Matrymonium est une agence matrimoniale professionnelle, implant\u00e9e au Maroc, sp\u00e9cialis\u00e9e dans l\u2019accompagnement de personnes s\u00e9rieuses en vue de trouver leur partenaire \u00e0 l\u2019\u00e9chelle internationale.\" \/>\n<meta property=\"og:url\" content=\"https:\/\/matrymonium.com\/index.php\/profil\/\" \/>\n<meta property=\"og:site_name\" content=\"Matrymonium\" \/>\n<meta property=\"article:modified_time\" content=\"2024-12-28T13:05:37+00:00\" \/>\n<meta property=\"og:image\" content=\"https:\/\/matrymonium.com\/wp-content\/uploads\/2025\/07\/aaron-burden-eZrIiv5bKxY-unsplash-scaled.jpg\" \/>\n\t<meta property=\"og:image:width\" content=\"2560\" \/>\n\t<meta property=\"og:image:height\" content=\"1920\" \/>\n\t<meta property=\"og:image:type\" content=\"image\/jpeg\" \/>\n<meta name=\"twitter:card\" content=\"summary_large_image\" \/>\n<script type=\"application\/ld+json\" class=\"yoast-schema-graph\">{\"@context\":\"https:\/\/schema.org\",\"@graph\":[{\"@type\":\"WebPage\",\"@id\":\"https:\/\/matrymonium.com\/index.php\/profil\/\",\"url\":\"https:\/\/matrymonium.com\/index.php\/profil\/\",\"name\":\"profil - Matrymonium\",\"isPartOf\":{\"@id\":\"https:\/\/matrymonium.com\/#website\"},\"datePublished\":\"2024-12-28T12:56:56+00:00\",\"dateModified\":\"2024-12-28T13:05:37+00:00\",\"description\":\"Matrymonium est une agence matrimoniale professionnelle, implant\u00e9e au Maroc, sp\u00e9cialis\u00e9e dans l\u2019accompagnement de personnes s\u00e9rieuses en vue de trouver leur partenaire \u00e0 l\u2019\u00e9chelle internationale.\",\"breadcrumb\":{\"@id\":\"https:\/\/matrymonium.com\/index.php\/profil\/#breadcrumb\"},\"inLanguage\":\"fr-FR\",\"potentialAction\":[{\"@type\":\"ReadAction\",\"target\":[\"https:\/\/matrymonium.com\/index.php\/profil\/\"]}]},{\"@type\":\"BreadcrumbList\",\"@id\":\"https:\/\/matrymonium.com\/index.php\/profil\/#breadcrumb\",\"itemListElement\":[{\"@type\":\"ListItem\",\"position\":1,\"name\":\"Accueil\",\"item\":\"https:\/\/matrymonium.com\/\"},{\"@type\":\"ListItem\",\"position\":2,\"name\":\"profil\"}]},{\"@type\":\"WebSite\",\"@id\":\"https:\/\/matrymonium.com\/#website\",\"url\":\"https:\/\/matrymonium.com\/\",\"name\":\"Matrymonium\",\"description\":\"Matrymonium est une agence matrimoniale professionnelle\",\"publisher\":{\"@id\":\"https:\/\/matrymonium.com\/#organization\"},\"potentialAction\":[{\"@type\":\"SearchAction\",\"target\":{\"@type\":\"EntryPoint\",\"urlTemplate\":\"https:\/\/matrymonium.com\/?s={search_term_string}\"},\"query-input\":{\"@type\":\"PropertyValueSpecification\",\"valueRequired\":true,\"valueName\":\"search_term_string\"}}],\"inLanguage\":\"fr-FR\"},{\"@type\":\"Organization\",\"@id\":\"https:\/\/matrymonium.com\/#organization\",\"name\":\"Matrymonium\",\"url\":\"https:\/\/matrymonium.com\/\",\"logo\":{\"@type\":\"ImageObject\",\"inLanguage\":\"fr-FR\",\"@id\":\"https:\/\/matrymonium.com\/#\/schema\/logo\/image\/\",\"url\":\"https:\/\/matrymonium.com\/wp-content\/uploads\/2025\/05\/Fichier-1LOGO-m.svg\",\"contentUrl\":\"https:\/\/matrymonium.com\/wp-content\/uploads\/2025\/05\/Fichier-1LOGO-m.svg\",\"caption\":\"Matrymonium\"},\"image\":{\"@id\":\"https:\/\/matrymonium.com\/#\/schema\/logo\/image\/\"}}]}<\/script>\n<!-- \/ Yoast SEO plugin. -->","yoast_head_json":{"title":"profil - Matrymonium","description":"Matrymonium est une agence matrimoniale professionnelle, implant\u00e9e au Maroc, sp\u00e9cialis\u00e9e dans l\u2019accompagnement de personnes s\u00e9rieuses en vue de trouver leur partenaire \u00e0 l\u2019\u00e9chelle internationale.","robots":{"index":"index","follow":"follow","max-snippet":"max-snippet:-1","max-image-preview":"max-image-preview:large","max-video-preview":"max-video-preview:-1"},"canonical":"https:\/\/matrymonium.com\/index.php\/profil\/","og_locale":"fr_FR","og_type":"article","og_title":"profil - Matrymonium","og_description":"Matrymonium est une agence matrimoniale professionnelle, implant\u00e9e au Maroc, sp\u00e9cialis\u00e9e dans l\u2019accompagnement de personnes s\u00e9rieuses en vue de trouver leur partenaire \u00e0 l\u2019\u00e9chelle internationale.","og_url":"https:\/\/matrymonium.com\/index.php\/profil\/","og_site_name":"Matrymonium","article_modified_time":"2024-12-28T13:05:37+00:00","og_image":[{"width":2560,"height":1920,"url":"https:\/\/matrymonium.com\/wp-content\/uploads\/2025\/07\/aaron-burden-eZrIiv5bKxY-unsplash-scaled.jpg","type":"image\/jpeg"}],"twitter_card":"summary_large_image","schema":{"@context":"https:\/\/schema.org","@graph":[{"@type":"WebPage","@id":"https:\/\/matrymonium.com\/index.php\/profil\/","url":"https:\/\/matrymonium.com\/index.php\/profil\/","name":"profil - Matrymonium","isPartOf":{"@id":"https:\/\/matrymonium.com\/#website"},"datePublished":"2024-12-28T12:56:56+00:00","dateModified":"2024-12-28T13:05:37+00:00","description":"Matrymonium est une agence matrimoniale professionnelle, implant\u00e9e au Maroc, sp\u00e9cialis\u00e9e dans l\u2019accompagnement de personnes s\u00e9rieuses en vue de trouver leur partenaire \u00e0 l\u2019\u00e9chelle internationale.","breadcrumb":{"@id":"https:\/\/matrymonium.com\/index.php\/profil\/#breadcrumb"},"inLanguage":"fr-FR","potentialAction":[{"@type":"ReadAction","target":["https:\/\/matrymonium.com\/index.php\/profil\/"]}]},{"@type":"BreadcrumbList","@id":"https:\/\/matrymonium.com\/index.php\/profil\/#breadcrumb","itemListElement":[{"@type":"ListItem","position":1,"name":"Accueil","item":"https:\/\/matrymonium.com\/"},{"@type":"ListItem","position":2,"name":"profil"}]},{"@type":"WebSite","@id":"https:\/\/matrymonium.com\/#website","url":"https:\/\/matrymonium.com\/","name":"Matrymonium","description":"Matrymonium est une agence matrimoniale professionnelle","publisher":{"@id":"https:\/\/matrymonium.com\/#organization"},"potentialAction":[{"@type":"SearchAction","target":{"@type":"EntryPoint","urlTemplate":"https:\/\/matrymonium.com\/?s={search_term_string}"},"query-input":{"@type":"PropertyValueSpecification","valueRequired":true,"valueName":"search_term_string"}}],"inLanguage":"fr-FR"},{"@type":"Organization","@id":"https:\/\/matrymonium.com\/#organization","name":"Matrymonium","url":"https:\/\/matrymonium.com\/","logo":{"@type":"ImageObject","inLanguage":"fr-FR","@id":"https:\/\/matrymonium.com\/#\/schema\/logo\/image\/","url":"https:\/\/matrymonium.com\/wp-content\/uploads\/2025\/05\/Fichier-1LOGO-m.svg","contentUrl":"https:\/\/matrymonium.com\/wp-content\/uploads\/2025\/05\/Fichier-1LOGO-m.svg","caption":"Matrymonium"},"image":{"@id":"https:\/\/matrymonium.com\/#\/schema\/logo\/image\/"}}]}},"_links":{"self":[{"href":"https:\/\/matrymonium.com\/index.php\/wp-json\/wp\/v2\/pages\/12289","targetHints":{"allow":["GET"]}}],"collection":[{"href":"https:\/\/matrymonium.com\/index.php\/wp-json\/wp\/v2\/pages"}],"about":[{"href":"https:\/\/matrymonium.com\/index.php\/wp-json\/wp\/v2\/types\/page"}],"author":[{"embeddable":true,"href":"https:\/\/matrymonium.com\/index.php\/wp-json\/wp\/v2\/users\/1"}],"replies":[{"embeddable":true,"href":"https:\/\/matrymonium.com\/index.php\/wp-json\/wp\/v2\/comments?post=12289"}],"version-history":[{"count":0,"href":"https:\/\/matrymonium.com\/index.php\/wp-json\/wp\/v2\/pages\/12289\/revisions"}],"wp:attachment":[{"href":"https:\/\/matrymonium.com\/index.php\/wp-json\/wp\/v2\/media?parent=12289"}],"curies":[{"name":"wp","href":"https:\/\/api.w.org\/{rel}","templated":true}]}}