{"id":12041,"date":"2024-12-22T16:55:54","date_gmt":"2024-12-22T16:55:54","guid":{"rendered":"https:\/\/matrymonium.com\/?page_id=12041"},"modified":"2024-12-29T12:35:19","modified_gmt":"2024-12-29T12:35:19","slug":"account-ar","status":"publish","type":"page","link":"https:\/\/matrymonium.com\/index.php\/account-ar\/","title":{"rendered":"\u062d\u0633\u0627\u0628\u0643"},"content":{"rendered":"\t\t<div data-elementor-type=\"wp-page\" data-elementor-id=\"12041\" class=\"elementor elementor-12041\">\n\t\t\t\t<div class=\"elementor-element elementor-element-c7608bf e-flex e-con-boxed e-con e-parent\" data-id=\"c7608bf\" data-element_type=\"container\">\n\t\t\t\t\t<div class=\"e-con-inner\">\n\t\t\t\t<div class=\"elementor-element elementor-element-f4d331d elementor-widget elementor-widget-shortcode\" data-id=\"f4d331d\" data-element_type=\"widget\" data-widget_type=\"shortcode.default\">\n\t\t\t\t<div class=\"elementor-widget-container\">\n\t\t\t\t\t\t\t<div class=\"elementor-shortcode\"><\/div>\n\t\t\t\t\t\t<\/div>\n\t\t\t\t<\/div>\n\t\t\t\t\t<\/div>\n\t\t\t\t<\/div>\n\t\t\t\t<\/div>\n\t\t","protected":false},"excerpt":{"rendered":"","protected":false},"author":1,"featured_media":0,"parent":0,"menu_order":0,"comment_status":"closed","ping_status":"closed","template":"","meta":{"site-sidebar-layout":"default","site-content-layout":"","ast-site-content-layout":"default","site-content-style":"default","site-sidebar-style":"default","ast-global-header-display":"","ast-banner-title-visibility":"","ast-main-header-display":"","ast-hfb-above-header-display":"","ast-hfb-below-header-display":"","ast-hfb-mobile-header-display":"","site-post-title":"","ast-breadcrumbs-content":"","ast-featured-img":"","footer-sml-layout":"","ast-disable-related-posts":"","theme-transparent-header-meta":"","adv-header-id-meta":"","stick-header-meta":"","header-above-stick-meta":"","header-main-stick-meta":"","header-below-stick-meta":"","astra-migrate-meta-layouts":"default","ast-page-background-enabled":"default","ast-page-background-meta":{"desktop":{"background-color":"var(--ast-global-color-5)","background-image":"","background-repeat":"repeat","background-position":"center center","background-size":"auto","background-attachment":"scroll","background-type":"","background-media":"","overlay-type":"","overlay-color":"","overlay-opacity":"","overlay-gradient":""},"tablet":{"background-color":"","background-image":"","background-repeat":"repeat","background-position":"center center","background-size":"auto","background-attachment":"scroll","background-type":"","background-media":"","overlay-type":"","overlay-color":"","overlay-opacity":"","overlay-gradient":""},"mobile":{"background-color":"","background-image":"","background-repeat":"repeat","background-position":"center center","background-size":"auto","background-attachment":"scroll","background-type":"","background-media":"","overlay-type":"","overlay-color":"","overlay-opacity":"","overlay-gradient":""}},"ast-content-background-meta":{"desktop":{"background-color":"var(--ast-global-color-4)","background-image":"","background-repeat":"repeat","background-position":"center center","background-size":"auto","background-attachment":"scroll","background-type":"","background-media":"","overlay-type":"","overlay-color":"","overlay-opacity":"","overlay-gradient":""},"tablet":{"background-color":"var(--ast-global-color-4)","background-image":"","background-repeat":"repeat","background-position":"center center","background-size":"auto","background-attachment":"scroll","background-type":"","background-media":"","overlay-type":"","overlay-color":"","overlay-opacity":"","overlay-gradient":""},"mobile":{"background-color":"var(--ast-global-color-4)","background-image":"","background-repeat":"repeat","background-position":"center center","background-size":"auto","background-attachment":"scroll","background-type":"","background-media":"","overlay-type":"","overlay-color":"","overlay-opacity":"","overlay-gradient":""}},"_kadence_starter_templates_imported_post":false,"footnotes":""},"class_list":["post-12041","page","type-page","status-publish","hentry"],"yoast_head":"<!-- This site is optimized with the Yoast SEO plugin v27.1.1 - https:\/\/yoast.com\/product\/yoast-seo-wordpress\/ -->\n<title>\u062d\u0633\u0627\u0628\u0643 - Matrymonium<\/title>\n<meta name=\"description\" content=\"Matrymonium est une agence matrimoniale professionnelle, implant\u00e9e au Maroc, sp\u00e9cialis\u00e9e dans l\u2019accompagnement de personnes s\u00e9rieuses en vue de trouver leur partenaire \u00e0 l\u2019\u00e9chelle internationale.\" \/>\n<meta name=\"robots\" content=\"index, follow, max-snippet:-1, max-image-preview:large, max-video-preview:-1\" \/>\n<link rel=\"canonical\" href=\"https:\/\/matrymonium.com\/index.php\/ar\/account-ar\/\" \/>\n<meta property=\"og:locale\" content=\"fr_FR\" \/>\n<meta property=\"og:type\" content=\"article\" \/>\n<meta property=\"og:title\" content=\"\u062d\u0633\u0627\u0628\u0643 - Matrymonium\" \/>\n<meta property=\"og:description\" content=\"Matrymonium est une agence matrimoniale professionnelle, implant\u00e9e au Maroc, sp\u00e9cialis\u00e9e dans l\u2019accompagnement de personnes s\u00e9rieuses en vue de trouver leur partenaire \u00e0 l\u2019\u00e9chelle internationale.\" \/>\n<meta property=\"og:url\" content=\"https:\/\/matrymonium.com\/index.php\/ar\/account-ar\/\" \/>\n<meta property=\"og:site_name\" content=\"Matrymonium\" \/>\n<meta property=\"article:modified_time\" content=\"2024-12-29T12:35:19+00:00\" \/>\n<meta property=\"og:image\" content=\"https:\/\/matrymonium.com\/wp-content\/uploads\/2025\/07\/aaron-burden-eZrIiv5bKxY-unsplash-scaled.jpg\" \/>\n\t<meta property=\"og:image:width\" content=\"2560\" \/>\n\t<meta property=\"og:image:height\" content=\"1920\" \/>\n\t<meta property=\"og:image:type\" content=\"image\/jpeg\" \/>\n<meta name=\"twitter:card\" content=\"summary_large_image\" \/>\n<script type=\"application\/ld+json\" class=\"yoast-schema-graph\">{\"@context\":\"https:\/\/schema.org\",\"@graph\":[{\"@type\":\"WebPage\",\"@id\":\"https:\/\/matrymonium.com\/index.php\/ar\/account-ar\/\",\"url\":\"https:\/\/matrymonium.com\/index.php\/ar\/account-ar\/\",\"name\":\"\u062d\u0633\u0627\u0628\u0643 - Matrymonium\",\"isPartOf\":{\"@id\":\"https:\/\/matrymonium.com\/#website\"},\"datePublished\":\"2024-12-22T16:55:54+00:00\",\"dateModified\":\"2024-12-29T12:35:19+00:00\",\"description\":\"Matrymonium est une agence matrimoniale professionnelle, implant\u00e9e au Maroc, sp\u00e9cialis\u00e9e dans l\u2019accompagnement de personnes s\u00e9rieuses en vue de trouver leur partenaire \u00e0 l\u2019\u00e9chelle internationale.\",\"breadcrumb\":{\"@id\":\"https:\/\/matrymonium.com\/index.php\/ar\/account-ar\/#breadcrumb\"},\"inLanguage\":\"fr-FR\",\"potentialAction\":[{\"@type\":\"ReadAction\",\"target\":[\"https:\/\/matrymonium.com\/index.php\/ar\/account-ar\/\"]}]},{\"@type\":\"BreadcrumbList\",\"@id\":\"https:\/\/matrymonium.com\/index.php\/ar\/account-ar\/#breadcrumb\",\"itemListElement\":[{\"@type\":\"ListItem\",\"position\":1,\"name\":\"Accueil\",\"item\":\"https:\/\/matrymonium.com\/\"},{\"@type\":\"ListItem\",\"position\":2,\"name\":\"\u062d\u0633\u0627\u0628\u0643\"}]},{\"@type\":\"WebSite\",\"@id\":\"https:\/\/matrymonium.com\/#website\",\"url\":\"https:\/\/matrymonium.com\/\",\"name\":\"Matrymonium\",\"description\":\"Matrymonium est une agence matrimoniale professionnelle\",\"publisher\":{\"@id\":\"https:\/\/matrymonium.com\/#organization\"},\"potentialAction\":[{\"@type\":\"SearchAction\",\"target\":{\"@type\":\"EntryPoint\",\"urlTemplate\":\"https:\/\/matrymonium.com\/?s={search_term_string}\"},\"query-input\":{\"@type\":\"PropertyValueSpecification\",\"valueRequired\":true,\"valueName\":\"search_term_string\"}}],\"inLanguage\":\"fr-FR\"},{\"@type\":\"Organization\",\"@id\":\"https:\/\/matrymonium.com\/#organization\",\"name\":\"Matrymonium\",\"url\":\"https:\/\/matrymonium.com\/\",\"logo\":{\"@type\":\"ImageObject\",\"inLanguage\":\"fr-FR\",\"@id\":\"https:\/\/matrymonium.com\/#\/schema\/logo\/image\/\",\"url\":\"https:\/\/matrymonium.com\/wp-content\/uploads\/2025\/05\/Fichier-1LOGO-m.svg\",\"contentUrl\":\"https:\/\/matrymonium.com\/wp-content\/uploads\/2025\/05\/Fichier-1LOGO-m.svg\",\"caption\":\"Matrymonium\"},\"image\":{\"@id\":\"https:\/\/matrymonium.com\/#\/schema\/logo\/image\/\"}}]}<\/script>\n<!-- \/ Yoast SEO plugin. -->","yoast_head_json":{"title":"\u062d\u0633\u0627\u0628\u0643 - Matrymonium","description":"Matrymonium est une agence matrimoniale professionnelle, implant\u00e9e au Maroc, sp\u00e9cialis\u00e9e dans l\u2019accompagnement de personnes s\u00e9rieuses en vue de trouver leur partenaire \u00e0 l\u2019\u00e9chelle internationale.","robots":{"index":"index","follow":"follow","max-snippet":"max-snippet:-1","max-image-preview":"max-image-preview:large","max-video-preview":"max-video-preview:-1"},"canonical":"https:\/\/matrymonium.com\/index.php\/ar\/account-ar\/","og_locale":"fr_FR","og_type":"article","og_title":"\u062d\u0633\u0627\u0628\u0643 - Matrymonium","og_description":"Matrymonium est une agence matrimoniale professionnelle, implant\u00e9e au Maroc, sp\u00e9cialis\u00e9e dans l\u2019accompagnement de personnes s\u00e9rieuses en vue de trouver leur partenaire \u00e0 l\u2019\u00e9chelle internationale.","og_url":"https:\/\/matrymonium.com\/index.php\/ar\/account-ar\/","og_site_name":"Matrymonium","article_modified_time":"2024-12-29T12:35:19+00:00","og_image":[{"width":2560,"height":1920,"url":"https:\/\/matrymonium.com\/wp-content\/uploads\/2025\/07\/aaron-burden-eZrIiv5bKxY-unsplash-scaled.jpg","type":"image\/jpeg"}],"twitter_card":"summary_large_image","schema":{"@context":"https:\/\/schema.org","@graph":[{"@type":"WebPage","@id":"https:\/\/matrymonium.com\/index.php\/ar\/account-ar\/","url":"https:\/\/matrymonium.com\/index.php\/ar\/account-ar\/","name":"\u062d\u0633\u0627\u0628\u0643 - Matrymonium","isPartOf":{"@id":"https:\/\/matrymonium.com\/#website"},"datePublished":"2024-12-22T16:55:54+00:00","dateModified":"2024-12-29T12:35:19+00:00","description":"Matrymonium est une agence matrimoniale professionnelle, implant\u00e9e au Maroc, sp\u00e9cialis\u00e9e dans l\u2019accompagnement de personnes s\u00e9rieuses en vue de trouver leur partenaire \u00e0 l\u2019\u00e9chelle internationale.","breadcrumb":{"@id":"https:\/\/matrymonium.com\/index.php\/ar\/account-ar\/#breadcrumb"},"inLanguage":"fr-FR","potentialAction":[{"@type":"ReadAction","target":["https:\/\/matrymonium.com\/index.php\/ar\/account-ar\/"]}]},{"@type":"BreadcrumbList","@id":"https:\/\/matrymonium.com\/index.php\/ar\/account-ar\/#breadcrumb","itemListElement":[{"@type":"ListItem","position":1,"name":"Accueil","item":"https:\/\/matrymonium.com\/"},{"@type":"ListItem","position":2,"name":"\u062d\u0633\u0627\u0628\u0643"}]},{"@type":"WebSite","@id":"https:\/\/matrymonium.com\/#website","url":"https:\/\/matrymonium.com\/","name":"Matrymonium","description":"Matrymonium est une agence matrimoniale professionnelle","publisher":{"@id":"https:\/\/matrymonium.com\/#organization"},"potentialAction":[{"@type":"SearchAction","target":{"@type":"EntryPoint","urlTemplate":"https:\/\/matrymonium.com\/?s={search_term_string}"},"query-input":{"@type":"PropertyValueSpecification","valueRequired":true,"valueName":"search_term_string"}}],"inLanguage":"fr-FR"},{"@type":"Organization","@id":"https:\/\/matrymonium.com\/#organization","name":"Matrymonium","url":"https:\/\/matrymonium.com\/","logo":{"@type":"ImageObject","inLanguage":"fr-FR","@id":"https:\/\/matrymonium.com\/#\/schema\/logo\/image\/","url":"https:\/\/matrymonium.com\/wp-content\/uploads\/2025\/05\/Fichier-1LOGO-m.svg","contentUrl":"https:\/\/matrymonium.com\/wp-content\/uploads\/2025\/05\/Fichier-1LOGO-m.svg","caption":"Matrymonium"},"image":{"@id":"https:\/\/matrymonium.com\/#\/schema\/logo\/image\/"}}]}},"_links":{"self":[{"href":"https:\/\/matrymonium.com\/index.php\/wp-json\/wp\/v2\/pages\/12041","targetHints":{"allow":["GET"]}}],"collection":[{"href":"https:\/\/matrymonium.com\/index.php\/wp-json\/wp\/v2\/pages"}],"about":[{"href":"https:\/\/matrymonium.com\/index.php\/wp-json\/wp\/v2\/types\/page"}],"author":[{"embeddable":true,"href":"https:\/\/matrymonium.com\/index.php\/wp-json\/wp\/v2\/users\/1"}],"replies":[{"embeddable":true,"href":"https:\/\/matrymonium.com\/index.php\/wp-json\/wp\/v2\/comments?post=12041"}],"version-history":[{"count":0,"href":"https:\/\/matrymonium.com\/index.php\/wp-json\/wp\/v2\/pages\/12041\/revisions"}],"wp:attachment":[{"href":"https:\/\/matrymonium.com\/index.php\/wp-json\/wp\/v2\/media?parent=12041"}],"curies":[{"name":"wp","href":"https:\/\/api.w.org\/{rel}","templated":true}]}}