{"id":11958,"date":"2024-12-22T11:48:30","date_gmt":"2024-12-22T11:48:30","guid":{"rendered":"https:\/\/matrymonium.com\/?page_id=11958"},"modified":"2025-04-05T20:28:48","modified_gmt":"2025-04-05T20:28:48","slug":"about-us-ar","status":"publish","type":"page","link":"https:\/\/matrymonium.com\/index.php\/about-us-ar\/","title":{"rendered":"\u0645\u0646 \u0646\u062d\u0646 \u061f"},"content":{"rendered":"\t\t<div data-elementor-type=\"wp-page\" data-elementor-id=\"11958\" class=\"elementor elementor-11958\">\n\t\t\t\t<div class=\"elementor-element elementor-element-ad73ed7 e-con-full e-flex e-con e-parent\" data-id=\"ad73ed7\" data-element_type=\"container\">\n\t\t\t\t<\/div>\n\t\t<div class=\"elementor-element elementor-element-57384a1 e-con-full e-flex e-con e-parent\" data-id=\"57384a1\" data-element_type=\"container\">\n\t\t<div class=\"elementor-element elementor-element-e919390 e-con-full e-grid e-con e-child\" data-id=\"e919390\" data-element_type=\"container\">\n\t\t<div class=\"elementor-element elementor-element-7b91a43 e-con-full e-flex e-con e-child\" data-id=\"7b91a43\" data-element_type=\"container\">\n\t\t<div class=\"elementor-element elementor-element-c7d63b4 e-con-full e-flex e-con e-child\" data-id=\"c7d63b4\" data-element_type=\"container\">\n\t\t\t\t<\/div>\n\t\t\t\t<\/div>\n\t\t<div class=\"elementor-element elementor-element-15afc58 e-con-full e-flex e-con e-child\" data-id=\"15afc58\" data-element_type=\"container\">\n\t\t\t\t<\/div>\n\t\t<div class=\"elementor-element elementor-element-382ce96 e-con-full e-flex e-con e-child\" data-id=\"382ce96\" data-element_type=\"container\">\n\t\t\t\t<\/div>\n\t\t\t\t<\/div>\n\t\t\t\t<\/div>\n\t\t<div class=\"elementor-element elementor-element-62e65e7 e-con-full e-flex e-con e-parent\" data-id=\"62e65e7\" data-element_type=\"container\">\n\t\t\t\t<div class=\"elementor-element elementor-element-7010057 elementor-widget elementor-widget-text-editor\" data-id=\"7010057\" data-element_type=\"widget\" data-widget_type=\"text-editor.default\">\n\t\t\t\t<div class=\"elementor-widget-container\">\n\t\t\t\t\t\t\t\t\t<h6>\u0627\u0644\u0635\u0641\u0642\u0627\u062a \u0627\u0644\u0623\u0641\u0636\u0644<\/h6>\t\t\t\t\t\t\t\t<\/div>\n\t\t\t\t<\/div>\n\t\t\t\t<div class=\"elementor-element elementor-element-6f8ec52 elementor-widget elementor-widget-text-editor\" data-id=\"6f8ec52\" data-element_type=\"widget\" data-widget_type=\"text-editor.default\">\n\t\t\t\t<div class=\"elementor-widget-container\">\n\t\t\t\t\t\t\t\t\t<h2>Matrymonium: \u0634\u0631\u064a\u0643\u0643 \u0627\u0644\u0645\u0648\u062b\u0648\u0642 \u0644\u062a\u062d\u0642\u064a\u0642 \u0632\u0648\u0627\u062c \u0645\u0635\u0645\u0645 \u062e\u0635\u064a\u0635\u064b\u0627 \u0644\u0643\u060c \u0641\u064a \u0627\u0644\u0645\u063a\u0631\u0628 \u0648\u0645\u0627 \u0648\u0631\u0627\u0621\u0647!<\/h2>\t\t\t\t\t\t\t\t<\/div>\n\t\t\t\t<\/div>\n\t\t\t\t<\/div>\n\t\t<div class=\"elementor-element elementor-element-d1ead80 e-con-full e-flex e-con e-parent\" data-id=\"d1ead80\" data-element_type=\"container\">\n\t\t<div class=\"elementor-element elementor-element-773cc67 e-con-full e-flex e-con e-child\" data-id=\"773cc67\" data-element_type=\"container\">\n\t\t\t\t<div class=\"elementor-element elementor-element-99c1086 elementor-widget elementor-widget-text-editor\" data-id=\"99c1086\" data-element_type=\"widget\" data-widget_type=\"text-editor.default\">\n\t\t\t\t<div class=\"elementor-widget-container\">\n\t\t\t\t\t\t\t\t\t<p class=\"s15\"><span class=\"s10\">\u0628\u0635\u0641\u062a\u064a \u0645\u0624\u0633\u0633 \u0648\u0643\u0627\u0644\u0629 \u0627\u0644\u0632\u0648\u0627\u062c <\/span><span class=\"s11\">Matrymonium<\/span><span class=\"s10\">\u060c \u062a\u062a\u0645\u062b\u0644 \u0631\u0624\u064a\u062a\u064a \u0641\u064a \u0625\u0646\u0634\u0627\u0621 \u0645\u0646\u0635\u0629 \u062f\u0648\u0644\u064a\u0629 \u0645\u062e\u0635\u0635\u0629 \u0644\u0644\u0632\u0648\u0627\u062c\u060c \u0648\u0631\u0628\u0637 \u0627\u0644\u0646\u0641\u0648\u0633 \u0645\u0646 \u062e\u0644\u0641\u064a\u0627\u062a \u0645\u062a\u0646\u0648\u0639\u0629. \u0625\u0646 \u0634\u063a\u0641\u064a \u0628\u0627\u0644\u0639\u0644\u0627\u0642\u0627\u062a \u0627\u0644\u0625\u0646\u0633\u0627\u0646\u064a\u0629 \u064a\u062f\u0641\u0639\u0646\u064a \u0625\u0644\u0649 \u062a\u0642\u062f\u064a\u0645 \u062f\u0639\u0645 \u0634\u062e\u0635\u064a \u0648\u062d\u0642\u064a\u0642\u064a\u060c \u0645\u0639 \u062a\u0639\u0632\u064a\u0632 \u0627\u0644\u0627\u062a\u0635\u0627\u0644\u0627\u062a \u0627\u0644\u0647\u0627\u062f\u0641\u0629. <\/span><\/p><p><span class=\"s10\">\u0647\u062f\u0641\u064a \u0647\u0648 \u0628\u0646\u0627\u0621 \u0623\u0633\u0633 \u0645\u062a\u064a\u0646\u0629 \u0644\u0639\u0644\u0627\u0642\u0627\u062a \u0645\u0631\u0636\u064a\u0629 \u0648\u062f\u0627\u0626\u0645\u0629\u060c \u0628\u0627\u0633\u062a\u062e\u062f\u0627\u0645 \u0645\u062c\u0645\u0648\u0639\u0629 \u0645\u0646 \u0627\u0644\u0634\u0631\u0643\u0627\u0621 \u0627\u0644\u062e\u0628\u0631\u0627\u0621\u060c \u0645\u062b\u0644 \u0627\u0644\u0645\u0639\u0627\u0644\u062c\u064a\u0646 \u0648\u0639\u0644\u0645\u0627\u0621 \u0627\u0644\u0646\u0641\u0633 \u0648\u0627\u0644\u0645\u062f\u0631\u0628\u064a\u0646 \u0648\u0627\u0644\u0645\u062d\u0627\u0645\u064a\u0646\u060c \u0644\u0645\u0631\u0627\u0641\u0642\u0629 \u0639\u0645\u0644\u0627\u0626\u0646\u0627 \u0642\u0628\u0644 \u0648\u0623\u062b\u0646\u0627\u0621 \u0648\u0628\u0639\u062f \u0627\u0644\u0632\u0648\u0627\u062c\u060c \u0648\u0636\u0645\u0627\u0646 \u0627\u0644\u062f\u0639\u0645 \u0627\u0644\u0634\u0627\u0645\u0644 \u0637\u0648\u0627\u0644 \u0631\u062d\u0644\u062a\u0647\u0645 \u0627\u0644\u0631\u0648\u0645\u0627\u0646\u0633\u064a\u0629.<\/span><\/p><p class=\"s22\">\u00a0<\/p>\t\t\t\t\t\t\t\t<\/div>\n\t\t\t\t<\/div>\n\t\t\t\t<\/div>\n\t\t<div class=\"elementor-element elementor-element-57084be e-con-full e-flex e-con e-child\" data-id=\"57084be\" data-element_type=\"container\">\n\t\t\t\t<div class=\"elementor-element elementor-element-6958af0 elementor-widget elementor-widget-text-editor\" data-id=\"6958af0\" data-element_type=\"widget\" data-widget_type=\"text-editor.default\">\n\t\t\t\t<div class=\"elementor-widget-container\">\n\t\t\t\t\t\t\t\t\t<div class=\"elementor-element elementor-element-df301de elementor-widget__width-initial elementor-widget elementor-widget-text-editor\" data-id=\"df301de\" data-element_type=\"widget\" data-widget_type=\"text-editor.default\"><div class=\"elementor-widget-container\"><p>\u0633\u0648\u0627\u0621 \u0643\u0646\u062a \u062a\u0628\u062d\u062b \u0639\u0646 \u0634\u0631\u064a\u0643 \u064a\u0634\u0627\u0631\u0643\u0643 \u0646\u0641\u0633 \u0627\u0644\u0642\u064a\u0645 \u0623\u0648 \u062a\u0637\u0644\u0639\u0627\u062a \u0627\u0644\u062d\u064a\u0627\u0629\u060c \u0623\u0648 \u062a\u0631\u063a\u0628 \u0641\u064a \u0627\u0633\u062a\u0634\u0627\u0631\u0629 \u0641\u0631\u064a\u0642 \u0645\u0646 \u0627\u0644\u062e\u0628\u0631\u0627\u0621 \u0644\u0645\u0633\u0627\u0639\u062f\u062a\u0643 \u0641\u064a \u062a\u062d\u062f\u064a\u062f \u0645\u0627 \u062a\u062d\u062a\u0627\u062c\u0647 \u0641\u064a \u0639\u0644\u0627\u0642\u062a\u0643 \u0627\u0644\u0645\u0633\u062a\u0642\u0628\u0644\u064a\u0629\u060c \u0641\u0646\u062d\u0646 \u0647\u0646\u0627 \u0644\u062a\u0642\u062f\u064a\u0645 \u0627\u0644\u062f\u0639\u0645 \u0627\u0644\u0644\u0627\u0632\u0645. \u0646\u0642\u062f\u0645 \u062e\u062f\u0645\u0627\u062a \u0645\u062a\u0646\u0648\u0639\u0629 \u062a\u0634\u0645\u0644 \u0627\u0633\u062a\u0634\u0627\u0631\u0627\u062a \u0634\u062e\u0635\u064a\u0629\u060c \u0627\u062e\u062a\u064a\u0627\u0631 \u0645\u062a\u0642\u062f\u0645 \u0644\u0644\u0634\u0631\u064a\u0643 \u0628\u0646\u0627\u0621\u064b \u0639\u0644\u0649 \u0645\u0639\u0627\u064a\u064a\u0631\u0643 \u0627\u0644\u062e\u0627\u0635\u0629\u060c \u0648\u062a\u0646\u0638\u064a\u0645 \u0644\u0642\u0627\u0621\u0627\u062a \u062a\u0639\u0627\u0631\u0641 \u0645\u0645\u064a\u0632\u0629 \u0641\u064a \u0628\u064a\u0626\u0629 \u0622\u0645\u0646\u0629 \u0648\u0645\u062d\u062a\u0631\u0645\u0629.<\/p><p><span style=\"background-color: #ffffff; color: #7a7a7a; font-family: var( --e-global-typography-text-font-family ), Sans-serif; text-align: var(--text-align);\">\u00a0<\/span><\/p><\/div><\/div>\t\t\t\t\t\t\t\t<\/div>\n\t\t\t\t<\/div>\n\t\t\t\t<\/div>\n\t\t\t\t<\/div>\n\t\t<div class=\"elementor-element elementor-element-fcaadf4 e-con-full e-flex e-con e-parent\" data-id=\"fcaadf4\" data-element_type=\"container\">\n\t\t<div class=\"elementor-element elementor-element-f9429c4 e-con-full e-flex e-con e-child\" data-id=\"f9429c4\" data-element_type=\"container\">\n\t\t\t\t<div class=\"elementor-element elementor-element-d944d84 elementor-widget elementor-widget-text-editor\" data-id=\"d944d84\" data-element_type=\"widget\" data-widget_type=\"text-editor.default\">\n\t\t\t\t<div class=\"elementor-widget-container\">\n\t\t\t\t\t\t\t\t\t<h5>\u0627\u0644\u0627\u0644\u062a\u0632\u0627\u0645<\/h5>\t\t\t\t\t\t\t\t<\/div>\n\t\t\t\t<\/div>\n\t\t\t\t<div class=\"elementor-element elementor-element-ac183c0 elementor-widget elementor-widget-text-editor\" data-id=\"ac183c0\" data-element_type=\"widget\" data-widget_type=\"text-editor.default\">\n\t\t\t\t<div class=\"elementor-widget-container\">\n\t\t\t\t\t\t\t\t\t<div class=\"s26\">\u00a0<span class=\"s23\">\u0646\u062d\u0646 \u0646\u0642\u062f\u0631 \u0627\u0644\u0627\u0644\u062a\u0632\u0627\u0645 \u0627\u0644\u062d\u0642\u064a\u0642\u064a \u0648\u0627\u0644\u062f\u0627\u0626\u0645. \u0643\u0644 \u0639\u0644\u0627\u0642\u0629 \u0646\u062f\u0639\u0645\u0647\u0627 \u0645\u0628\u0646\u064a\u0629 \u0639\u0644\u0649 \u0623\u0633\u0633 \u0642\u0648\u064a\u0629 \u0645\u0646 \u0627\u0644\u0627\u062d\u062a\u0631\u0627\u0645 \u0648\u0627\u0644\u062a\u0641\u0627\u0646\u064a\u060c \u0628\u0647\u062f\u0641 \u0625\u0646\u0634\u0627\u0621 \u0627\u062a\u062d\u0627\u062f\u0627\u062a \u0645\u062a\u0646\u0627\u063a\u0645\u0629 \u0648\u062f\u0627\u0626\u0645\u0629<\/span><span class=\"s25\">.<\/span><\/div>\t\t\t\t\t\t\t\t<\/div>\n\t\t\t\t<\/div>\n\t\t\t\t<\/div>\n\t\t<div class=\"elementor-element elementor-element-e85ebc5 e-con-full e-flex e-con e-child\" data-id=\"e85ebc5\" data-element_type=\"container\">\n\t\t\t\t<div class=\"elementor-element elementor-element-c9378f5 elementor-widget elementor-widget-text-editor\" data-id=\"c9378f5\" data-element_type=\"widget\" data-widget_type=\"text-editor.default\">\n\t\t\t\t<div class=\"elementor-widget-container\">\n\t\t\t\t\t\t\t\t\t<h5><span class=\"s23\">\u0627\u0644\u062f\u0639\u0645 <\/span><span class=\"s23\">\u0627\u0644\u0634\u062e\u0635\u064a<\/span><span class=\"s23\">\u00a0<\/span><\/h5>\t\t\t\t\t\t\t\t<\/div>\n\t\t\t\t<\/div>\n\t\t\t\t<div class=\"elementor-element elementor-element-901c5ba elementor-widget elementor-widget-text-editor\" data-id=\"901c5ba\" data-element_type=\"widget\" data-widget_type=\"text-editor.default\">\n\t\t\t\t<div class=\"elementor-widget-container\">\n\t\t\t\t\t\t\t\t\t<div class=\"s26\"><span class=\"s23\">\u0646\u062d\u0646 \u0646\u0624\u0645\u0646 \u0628\u0623\u0647\u0645\u064a\u0629 \u062a\u0642\u062f\u064a\u0645 \u062e\u062f\u0645\u0629 \u0645\u062e\u0635\u0635\u0629. \u0643\u0644 \u0632\u0648\u062c\u064a\u0646 \u0641\u0631\u064a\u062f\u064a\u0646\u060c \u0648\u0641\u0631\u064a\u0642\u0646\u0627 \u0645\u0644\u062a\u0632\u0645 \u0628\u0641\u0647\u0645 \u062a\u0637\u0644\u0639\u0627\u062a \u0648\u0627\u062d\u062a\u064a\u0627\u062c\u0627\u062a \u0643\u0644 \u0641\u0631\u062f \u0644\u062a\u0642\u062f\u064a\u0645 \u0627\u0644\u062f\u0639\u0645 \u0627\u0644\u0645\u0646\u0627\u0633\u0628 \u0637\u064a\u0644\u0629 \u0645\u0633\u064a\u0631\u062a\u0647\u0645 \u0646\u062d\u0648 \u0627\u0644\u0632\u0648\u0627\u062c<\/span><span class=\"s25\">.<\/span><\/div><div class=\"s26\">\u00a0<\/div>\t\t\t\t\t\t\t\t<\/div>\n\t\t\t\t<\/div>\n\t\t\t\t<\/div>\n\t\t<div class=\"elementor-element elementor-element-72fbb36 e-con-full e-flex e-con e-child\" data-id=\"72fbb36\" data-element_type=\"container\">\n\t\t\t\t<div class=\"elementor-element elementor-element-95d4c6e elementor-widget elementor-widget-text-editor\" data-id=\"95d4c6e\" data-element_type=\"widget\" data-widget_type=\"text-editor.default\">\n\t\t\t\t<div class=\"elementor-widget-container\">\n\t\t\t\t\t\t\t\t\t<h5><span class=\"s23\">\u0627\u0644\u062b\u0642\u0629 <\/span><span class=\"s23\">\u0648\u0627\u0644\u0633\u0631\u064a\u0629<\/span><\/h5>\t\t\t\t\t\t\t\t<\/div>\n\t\t\t\t<\/div>\n\t\t\t\t<div class=\"elementor-element elementor-element-4ee1089 elementor-widget elementor-widget-text-editor\" data-id=\"4ee1089\" data-element_type=\"widget\" data-widget_type=\"text-editor.default\">\n\t\t\t\t<div class=\"elementor-widget-container\">\n\t\t\t\t\t\t\t\t\t<div class=\"s26\"><span class=\"s23\">\u0646\u0636\u0639 \u0627\u0644\u062b\u0642\u0629 \u0641\u064a \u0642\u0644\u0628 \u0646\u0647\u062c\u0646\u0627. \u0645\u0646 \u062e\u0644\u0627\u0644 \u0636\u0645\u0627\u0646 \u0627\u0644\u0633\u0631\u064a\u0629 \u0648\u0646\u0632\u0627\u0647\u0629 \u0643\u0644 \u062a\u0641\u0627\u0639\u0644\u060c \u0646\u062e\u0644\u0642 \u0628\u064a\u0626\u0629 \u0622\u0645\u0646\u0629 \u062d\u064a\u062b \u064a\u0645\u0643\u0646 \u0644\u0639\u0645\u0644\u0627\u0626\u0646\u0627 \u0627\u0633\u062a\u0643\u0634\u0627\u0641 \u062e\u064a\u0627\u0631\u0627\u062a\u0647\u0645 \u0648\u0628\u0646\u0627\u0621 \u0639\u0644\u0627\u0642\u0627\u062a \u0645\u0633\u062a\u0642\u0628\u0644\u064a\u0629 \u0628\u062f\u0648\u0646 \u062a\u0631\u062f\u062f<\/span><span class=\"s25\">.<\/span><\/div>\t\t\t\t\t\t\t\t<\/div>\n\t\t\t\t<\/div>\n\t\t\t\t<\/div>\n\t\t\t\t<\/div>\n\t\t\t\t<\/div>\n\t\t","protected":false},"excerpt":{"rendered":"<p>\u0647\u064a\u0627\u0645 \u0643\u0639\u0628\u0648\u0634 \u0644\u062d\u0644\u0648 \u00a0 \u0627\u0633\u0645\u064a \u0647\u064a\u0627\u0645 \u0643\u0639\u0628\u0648\u0634 \u0644\u062d\u0644\u0648\u060c \u0645\u062f\u0631\u0628\u0629 \u062d\u064a\u0627\u0629 \u0648\u0645\u062f\u0631\u0628\u0629 \u0639\u0644\u0627\u0642\u0627\u062a\u060c \u0645\u0624\u0633\u0633\u0629 \u0648\u0643\u0627\u0644\u0629 \u0644\u0644\u0632\u0648\u0627\u062c. \u0623\u0634\u0627\u0631\u0643 \u062d\u064a\u0627\u062a\u064a \u0645\u0646\u0630 20 \u0639\u0627\u0645\u064b\u0627 [&hellip;]<\/p>\n","protected":false},"author":1,"featured_media":0,"parent":0,"menu_order":0,"comment_status":"closed","ping_status":"closed","template":"full_width.php","meta":{"site-sidebar-layout":"default","site-content-layout":"","ast-site-content-layout":"default","site-content-style":"default","site-sidebar-style":"default","ast-global-header-display":"","ast-banner-title-visibility":"","ast-main-header-display":"","ast-hfb-above-header-display":"","ast-hfb-below-header-display":"","ast-hfb-mobile-header-display":"","site-post-title":"","ast-breadcrumbs-content":"","ast-featured-img":"","footer-sml-layout":"","ast-disable-related-posts":"","theme-transparent-header-meta":"","adv-header-id-meta":"","stick-header-meta":"","header-above-stick-meta":"","header-main-stick-meta":"","header-below-stick-meta":"","astra-migrate-meta-layouts":"default","ast-page-background-enabled":"default","ast-page-background-meta":{"desktop":{"background-color":"var(--ast-global-color-5)","background-image":"","background-repeat":"repeat","background-position":"center center","background-size":"auto","background-attachment":"scroll","background-type":"","background-media":"","overlay-type":"","overlay-color":"","overlay-opacity":"","overlay-gradient":""},"tablet":{"background-color":"","background-image":"","background-repeat":"repeat","background-position":"center center","background-size":"auto","background-attachment":"scroll","background-type":"","background-media":"","overlay-type":"","overlay-color":"","overlay-opacity":"","overlay-gradient":""},"mobile":{"background-color":"","background-image":"","background-repeat":"repeat","background-position":"center center","background-size":"auto","background-attachment":"scroll","background-type":"","background-media":"","overlay-type":"","overlay-color":"","overlay-opacity":"","overlay-gradient":""}},"ast-content-background-meta":{"desktop":{"background-color":"var(--ast-global-color-4)","background-image":"","background-repeat":"repeat","background-position":"center center","background-size":"auto","background-attachment":"scroll","background-type":"","background-media":"","overlay-type":"","overlay-color":"","overlay-opacity":"","overlay-gradient":""},"tablet":{"background-color":"var(--ast-global-color-4)","background-image":"","background-repeat":"repeat","background-position":"center center","background-size":"auto","background-attachment":"scroll","background-type":"","background-media":"","overlay-type":"","overlay-color":"","overlay-opacity":"","overlay-gradient":""},"mobile":{"background-color":"var(--ast-global-color-4)","background-image":"","background-repeat":"repeat","background-position":"center center","background-size":"auto","background-attachment":"scroll","background-type":"","background-media":"","overlay-type":"","overlay-color":"","overlay-opacity":"","overlay-gradient":""}},"_kadence_starter_templates_imported_post":false,"footnotes":""},"class_list":["post-11958","page","type-page","status-publish","hentry"],"yoast_head":"<!-- This site is optimized with the Yoast SEO plugin v27.1.1 - https:\/\/yoast.com\/product\/yoast-seo-wordpress\/ -->\n<title>\u0645\u0646 \u0646\u062d\u0646 \u061f - Matrymonium<\/title>\n<meta name=\"description\" content=\"Matrymonium est une agence matrimoniale professionnelle, implant\u00e9e au Maroc, sp\u00e9cialis\u00e9e dans l\u2019accompagnement de personnes s\u00e9rieuses en vue de trouver leur partenaire \u00e0 l\u2019\u00e9chelle internationale.\" \/>\n<meta name=\"robots\" content=\"index, follow, max-snippet:-1, max-image-preview:large, max-video-preview:-1\" \/>\n<link rel=\"canonical\" href=\"https:\/\/matrymonium.com\/index.php\/ar\/about-us-ar\/\" \/>\n<meta property=\"og:locale\" content=\"fr_FR\" \/>\n<meta property=\"og:type\" content=\"article\" \/>\n<meta property=\"og:title\" content=\"\u0645\u0646 \u0646\u062d\u0646 \u061f - Matrymonium\" \/>\n<meta property=\"og:description\" content=\"Matrymonium est une agence matrimoniale professionnelle, implant\u00e9e au Maroc, sp\u00e9cialis\u00e9e dans l\u2019accompagnement de personnes s\u00e9rieuses en vue de trouver leur partenaire \u00e0 l\u2019\u00e9chelle internationale.\" \/>\n<meta property=\"og:url\" content=\"https:\/\/matrymonium.com\/index.php\/ar\/about-us-ar\/\" \/>\n<meta property=\"og:site_name\" content=\"Matrymonium\" \/>\n<meta property=\"article:modified_time\" content=\"2025-04-05T20:28:48+00:00\" \/>\n<meta property=\"og:image\" content=\"https:\/\/matrymonium.com\/wp-content\/uploads\/2025\/03\/image.png\" \/>\n<meta name=\"twitter:card\" content=\"summary_large_image\" \/>\n<meta name=\"twitter:label1\" content=\"Dur\u00e9e de lecture estim\u00e9e\" \/>\n\t<meta name=\"twitter:data1\" content=\"10 minutes\" \/>\n<script type=\"application\/ld+json\" class=\"yoast-schema-graph\">{\"@context\":\"https:\/\/schema.org\",\"@graph\":[{\"@type\":\"WebPage\",\"@id\":\"https:\/\/matrymonium.com\/index.php\/ar\/about-us-ar\/\",\"url\":\"https:\/\/matrymonium.com\/index.php\/ar\/about-us-ar\/\",\"name\":\"\u0645\u0646 \u0646\u062d\u0646 \u061f - Matrymonium\",\"isPartOf\":{\"@id\":\"https:\/\/matrymonium.com\/#website\"},\"primaryImageOfPage\":{\"@id\":\"https:\/\/matrymonium.com\/index.php\/ar\/about-us-ar\/#primaryimage\"},\"image\":{\"@id\":\"https:\/\/matrymonium.com\/index.php\/ar\/about-us-ar\/#primaryimage\"},\"thumbnailUrl\":\"https:\/\/matrymonium.com\/wp-content\/uploads\/2025\/03\/image.png\",\"datePublished\":\"2024-12-22T11:48:30+00:00\",\"dateModified\":\"2025-04-05T20:28:48+00:00\",\"description\":\"Matrymonium est une agence matrimoniale professionnelle, implant\u00e9e au Maroc, sp\u00e9cialis\u00e9e dans l\u2019accompagnement de personnes s\u00e9rieuses en vue de trouver leur partenaire \u00e0 l\u2019\u00e9chelle internationale.\",\"breadcrumb\":{\"@id\":\"https:\/\/matrymonium.com\/index.php\/ar\/about-us-ar\/#breadcrumb\"},\"inLanguage\":\"fr-FR\",\"potentialAction\":[{\"@type\":\"ReadAction\",\"target\":[\"https:\/\/matrymonium.com\/index.php\/ar\/about-us-ar\/\"]}]},{\"@type\":\"ImageObject\",\"inLanguage\":\"fr-FR\",\"@id\":\"https:\/\/matrymonium.com\/index.php\/ar\/about-us-ar\/#primaryimage\",\"url\":\"https:\/\/matrymonium.com\/wp-content\/uploads\/2025\/03\/image.png\",\"contentUrl\":\"https:\/\/matrymonium.com\/wp-content\/uploads\/2025\/03\/image.png\",\"width\":1192,\"height\":1196},{\"@type\":\"BreadcrumbList\",\"@id\":\"https:\/\/matrymonium.com\/index.php\/ar\/about-us-ar\/#breadcrumb\",\"itemListElement\":[{\"@type\":\"ListItem\",\"position\":1,\"name\":\"Accueil\",\"item\":\"https:\/\/matrymonium.com\/\"},{\"@type\":\"ListItem\",\"position\":2,\"name\":\"\u0645\u0646 \u0646\u062d\u0646 \u061f\"}]},{\"@type\":\"WebSite\",\"@id\":\"https:\/\/matrymonium.com\/#website\",\"url\":\"https:\/\/matrymonium.com\/\",\"name\":\"Matrymonium\",\"description\":\"Matrymonium est une agence matrimoniale professionnelle\",\"publisher\":{\"@id\":\"https:\/\/matrymonium.com\/#organization\"},\"potentialAction\":[{\"@type\":\"SearchAction\",\"target\":{\"@type\":\"EntryPoint\",\"urlTemplate\":\"https:\/\/matrymonium.com\/?s={search_term_string}\"},\"query-input\":{\"@type\":\"PropertyValueSpecification\",\"valueRequired\":true,\"valueName\":\"search_term_string\"}}],\"inLanguage\":\"fr-FR\"},{\"@type\":\"Organization\",\"@id\":\"https:\/\/matrymonium.com\/#organization\",\"name\":\"Matrymonium\",\"url\":\"https:\/\/matrymonium.com\/\",\"logo\":{\"@type\":\"ImageObject\",\"inLanguage\":\"fr-FR\",\"@id\":\"https:\/\/matrymonium.com\/#\/schema\/logo\/image\/\",\"url\":\"https:\/\/matrymonium.com\/wp-content\/uploads\/2025\/05\/Fichier-1LOGO-m.svg\",\"contentUrl\":\"https:\/\/matrymonium.com\/wp-content\/uploads\/2025\/05\/Fichier-1LOGO-m.svg\",\"caption\":\"Matrymonium\"},\"image\":{\"@id\":\"https:\/\/matrymonium.com\/#\/schema\/logo\/image\/\"}}]}<\/script>\n<!-- \/ Yoast SEO plugin. -->","yoast_head_json":{"title":"\u0645\u0646 \u0646\u062d\u0646 \u061f - Matrymonium","description":"Matrymonium est une agence matrimoniale professionnelle, implant\u00e9e au Maroc, sp\u00e9cialis\u00e9e dans l\u2019accompagnement de personnes s\u00e9rieuses en vue de trouver leur partenaire \u00e0 l\u2019\u00e9chelle internationale.","robots":{"index":"index","follow":"follow","max-snippet":"max-snippet:-1","max-image-preview":"max-image-preview:large","max-video-preview":"max-video-preview:-1"},"canonical":"https:\/\/matrymonium.com\/index.php\/ar\/about-us-ar\/","og_locale":"fr_FR","og_type":"article","og_title":"\u0645\u0646 \u0646\u062d\u0646 \u061f - Matrymonium","og_description":"Matrymonium est une agence matrimoniale professionnelle, implant\u00e9e au Maroc, sp\u00e9cialis\u00e9e dans l\u2019accompagnement de personnes s\u00e9rieuses en vue de trouver leur partenaire \u00e0 l\u2019\u00e9chelle internationale.","og_url":"https:\/\/matrymonium.com\/index.php\/ar\/about-us-ar\/","og_site_name":"Matrymonium","article_modified_time":"2025-04-05T20:28:48+00:00","og_image":[{"url":"https:\/\/matrymonium.com\/wp-content\/uploads\/2025\/03\/image.png","type":"","width":"","height":""}],"twitter_card":"summary_large_image","twitter_misc":{"Dur\u00e9e de lecture estim\u00e9e":"10 minutes"},"schema":{"@context":"https:\/\/schema.org","@graph":[{"@type":"WebPage","@id":"https:\/\/matrymonium.com\/index.php\/ar\/about-us-ar\/","url":"https:\/\/matrymonium.com\/index.php\/ar\/about-us-ar\/","name":"\u0645\u0646 \u0646\u062d\u0646 \u061f - Matrymonium","isPartOf":{"@id":"https:\/\/matrymonium.com\/#website"},"primaryImageOfPage":{"@id":"https:\/\/matrymonium.com\/index.php\/ar\/about-us-ar\/#primaryimage"},"image":{"@id":"https:\/\/matrymonium.com\/index.php\/ar\/about-us-ar\/#primaryimage"},"thumbnailUrl":"https:\/\/matrymonium.com\/wp-content\/uploads\/2025\/03\/image.png","datePublished":"2024-12-22T11:48:30+00:00","dateModified":"2025-04-05T20:28:48+00:00","description":"Matrymonium est une agence matrimoniale professionnelle, implant\u00e9e au Maroc, sp\u00e9cialis\u00e9e dans l\u2019accompagnement de personnes s\u00e9rieuses en vue de trouver leur partenaire \u00e0 l\u2019\u00e9chelle internationale.","breadcrumb":{"@id":"https:\/\/matrymonium.com\/index.php\/ar\/about-us-ar\/#breadcrumb"},"inLanguage":"fr-FR","potentialAction":[{"@type":"ReadAction","target":["https:\/\/matrymonium.com\/index.php\/ar\/about-us-ar\/"]}]},{"@type":"ImageObject","inLanguage":"fr-FR","@id":"https:\/\/matrymonium.com\/index.php\/ar\/about-us-ar\/#primaryimage","url":"https:\/\/matrymonium.com\/wp-content\/uploads\/2025\/03\/image.png","contentUrl":"https:\/\/matrymonium.com\/wp-content\/uploads\/2025\/03\/image.png","width":1192,"height":1196},{"@type":"BreadcrumbList","@id":"https:\/\/matrymonium.com\/index.php\/ar\/about-us-ar\/#breadcrumb","itemListElement":[{"@type":"ListItem","position":1,"name":"Accueil","item":"https:\/\/matrymonium.com\/"},{"@type":"ListItem","position":2,"name":"\u0645\u0646 \u0646\u062d\u0646 \u061f"}]},{"@type":"WebSite","@id":"https:\/\/matrymonium.com\/#website","url":"https:\/\/matrymonium.com\/","name":"Matrymonium","description":"Matrymonium est une agence matrimoniale professionnelle","publisher":{"@id":"https:\/\/matrymonium.com\/#organization"},"potentialAction":[{"@type":"SearchAction","target":{"@type":"EntryPoint","urlTemplate":"https:\/\/matrymonium.com\/?s={search_term_string}"},"query-input":{"@type":"PropertyValueSpecification","valueRequired":true,"valueName":"search_term_string"}}],"inLanguage":"fr-FR"},{"@type":"Organization","@id":"https:\/\/matrymonium.com\/#organization","name":"Matrymonium","url":"https:\/\/matrymonium.com\/","logo":{"@type":"ImageObject","inLanguage":"fr-FR","@id":"https:\/\/matrymonium.com\/#\/schema\/logo\/image\/","url":"https:\/\/matrymonium.com\/wp-content\/uploads\/2025\/05\/Fichier-1LOGO-m.svg","contentUrl":"https:\/\/matrymonium.com\/wp-content\/uploads\/2025\/05\/Fichier-1LOGO-m.svg","caption":"Matrymonium"},"image":{"@id":"https:\/\/matrymonium.com\/#\/schema\/logo\/image\/"}}]}},"_links":{"self":[{"href":"https:\/\/matrymonium.com\/index.php\/wp-json\/wp\/v2\/pages\/11958","targetHints":{"allow":["GET"]}}],"collection":[{"href":"https:\/\/matrymonium.com\/index.php\/wp-json\/wp\/v2\/pages"}],"about":[{"href":"https:\/\/matrymonium.com\/index.php\/wp-json\/wp\/v2\/types\/page"}],"author":[{"embeddable":true,"href":"https:\/\/matrymonium.com\/index.php\/wp-json\/wp\/v2\/users\/1"}],"replies":[{"embeddable":true,"href":"https:\/\/matrymonium.com\/index.php\/wp-json\/wp\/v2\/comments?post=11958"}],"version-history":[{"count":0,"href":"https:\/\/matrymonium.com\/index.php\/wp-json\/wp\/v2\/pages\/11958\/revisions"}],"wp:attachment":[{"href":"https:\/\/matrymonium.com\/index.php\/wp-json\/wp\/v2\/media?parent=11958"}],"curies":[{"name":"wp","href":"https:\/\/api.w.org\/{rel}","templated":true}]}}