{"id":11932,"date":"2024-12-22T11:16:25","date_gmt":"2024-12-22T11:16:25","guid":{"rendered":"https:\/\/matrymonium.com\/?page_id=11932"},"modified":"2025-04-05T20:40:07","modified_gmt":"2025-04-05T20:40:07","slug":"contact-ar","status":"publish","type":"page","link":"https:\/\/matrymonium.com\/index.php\/contact-ar\/","title":{"rendered":"\u062a\u0648\u0627\u0635\u0644 \u0645\u0639\u0646\u0627"},"content":{"rendered":"\t\t<div data-elementor-type=\"wp-page\" data-elementor-id=\"11932\" class=\"elementor elementor-11932\">\n\t\t\t\t<div class=\"elementor-element elementor-element-66e78f5b e-con-full e-flex e-con e-parent\" data-id=\"66e78f5b\" data-element_type=\"container\">\n\t\t<div class=\"elementor-element elementor-element-5872d034 e-con-full e-flex e-con e-child\" data-id=\"5872d034\" data-element_type=\"container\">\n\t\t\t\t<div class=\"elementor-element elementor-element-68b0ee34 elementor-widget elementor-widget-text-editor\" data-id=\"68b0ee34\" data-element_type=\"widget\" data-widget_type=\"text-editor.default\">\n\t\t\t\t<div class=\"elementor-widget-container\">\n\t\t\t\t\t\t\t\t\t<h3 dir=\"rtl\">\u0647\u0644 \u0623\u0646\u062a \u0645\u0633\u062a\u0639\u062f \u0644\u0625\u0639\u0637\u0627\u0621 \u062f\u0641\u0639\u0629 \u062c\u062f\u064a\u062f\u0629 \u0644\u0644\u0628\u062d\u062b \u0639\u0646 \u0634\u0631\u064a\u0643 \u062d\u064a\u0627\u062a\u0643\u061f<span class=\"Apple-converted-space\">\u00a0<\/span>\u0641\u0631\u064a\u0642\u0646\u0627 \u0631\u0647\u0646 \u0625\u0634\u0627\u0631\u062a\u0643<b> <\/b>\u0644\u062f\u0639\u0645\u0643 \u0641\u064a \u0643\u0644 \u062e\u0637\u0648\u0629\u060c \u0633\u0648\u0627\u0621 \u0644\u0644\u0639\u062b\u0648\u0631 \u0639\u0644\u0649 \u0627\u0644\u0634\u0631\u064a\u0643 \u0627\u0644\u0645\u0646\u0627\u0633\u0628\u060c \u0623\u0648 \u0627\u0644\u0627\u0633\u062a\u0641\u0627\u062f\u0629 \u0645\u0646 \u0645\u0634\u0648\u0631\u0629 \u0627\u0644\u062e\u0628\u0631\u0627\u0621 \u0623\u0648 \u0627\u0644\u062d\u0635\u0648\u0644 \u0639\u0644\u0649 \u062f\u0639\u0645 \u0634\u062e\u0635\u064a.<\/h3><h3 dir=\"rtl\"><span class=\"Apple-converted-space\">\u00a0<\/span>\u0644\u0627 \u062a\u0646\u062a\u0638\u0631 \u0623\u0643\u062b\u0631! \u0627\u062a\u0635\u0644 \u0628\u0646\u0627 \u0627\u0644\u064a\u0648\u0645 \u0648\u0627\u0643\u062a\u0634\u0641 \u0643\u064a\u0641 \u064a\u0645\u0643\u0646\u0646\u0627 \u062f\u0639\u0645\u0643.<\/h3>\t\t\t\t\t\t\t\t<\/div>\n\t\t\t\t<\/div>\n\t\t\t\t<\/div>\n\t\t\t\t<\/div>\n\t\t<div class=\"elementor-element elementor-element-1727af6a e-con-full e-flex e-con e-parent\" data-id=\"1727af6a\" data-element_type=\"container\" data-settings=\"{&quot;background_background&quot;:&quot;classic&quot;}\">\n\t\t<div class=\"elementor-element elementor-element-1dc54895 e-con-full e-flex e-con e-child\" data-id=\"1dc54895\" data-element_type=\"container\" data-settings=\"{&quot;background_background&quot;:&quot;classic&quot;}\">\n\t\t\t\t<div class=\"elementor-element elementor-element-6e396539 elementor-hidden-tablet elementor-hidden-mobile elementor-widget-divider--view-line elementor-widget elementor-widget-divider\" data-id=\"6e396539\" data-element_type=\"widget\" data-widget_type=\"divider.default\">\n\t\t\t\t<div class=\"elementor-widget-container\">\n\t\t\t\t\t\t\t<div class=\"elementor-divider\">\n\t\t\t<span class=\"elementor-divider-separator\">\n\t\t\t\t\t\t<\/span>\n\t\t<\/div>\n\t\t\t\t\t\t<\/div>\n\t\t\t\t<\/div>\n\t\t\t\t<\/div>\n\t\t<div class=\"elementor-element elementor-element-146a36bc e-con-full e-flex e-con e-child\" data-id=\"146a36bc\" data-element_type=\"container\">\n\t\t<div class=\"elementor-element elementor-element-29d03014 e-con-full e-flex e-con e-child\" data-id=\"29d03014\" data-element_type=\"container\">\n\t\t\t\t<div class=\"elementor-element elementor-element-f274d20 elementor-widget elementor-widget-google_maps\" data-id=\"f274d20\" data-element_type=\"widget\" data-widget_type=\"google_maps.default\">\n\t\t\t\t<div class=\"elementor-widget-container\">\n\t\t\t\t\t\t\t<div class=\"elementor-custom-embed\">\n\t\t\t<iframe loading=\"lazy\"\n\t\t\t\t\tsrc=\"https:\/\/www.google.com\/maps\/embed\/v1\/place?key=AIzaSyAveY3pDFU0R0sBA0QtJfzMavtpH3z5ZF4&#038;q=41%D8%8C%20%D8%B2%D9%86%D9%82%D8%A9%20%D8%B7%D9%84%D9%88%D8%B9%20%D8%A7%D9%84%D9%81%D8%AC%D8%B1%D8%8C%20%D8%B1%D8%A7%D8%B3%D9%8A%D9%86.%20%D8%A7%D9%84%D8%AF%D8%A7%D8%B1%20%D8%A7%D9%84%D8%A8%D9%8A%D8%B6%D8%A7%D8%A1&#038;zoom=16\"\n\t\t\t\t\ttitle=\"41\u060c \u0632\u0646\u0642\u0629 \u0637\u0644\u0648\u0639 \u0627\u0644\u0641\u062c\u0631\u060c \u0631\u0627\u0633\u064a\u0646. \u0627\u0644\u062f\u0627\u0631 \u0627\u0644\u0628\u064a\u0636\u0627\u0621\"\n\t\t\t\t\taria-label=\"41\u060c \u0632\u0646\u0642\u0629 \u0637\u0644\u0648\u0639 \u0627\u0644\u0641\u062c\u0631\u060c \u0631\u0627\u0633\u064a\u0646. \u0627\u0644\u062f\u0627\u0631 \u0627\u0644\u0628\u064a\u0636\u0627\u0621\"\n\t\t\t><\/iframe>\n\t\t<\/div>\n\t\t\t\t\t\t<\/div>\n\t\t\t\t<\/div>\n\t\t\t\t<\/div>\n\t\t<div class=\"elementor-element elementor-element-75be61bc e-con-full e-flex e-con e-child\" data-id=\"75be61bc\" data-element_type=\"container\" data-settings=\"{&quot;background_background&quot;:&quot;classic&quot;}\">\n\t\t\t\t<div class=\"elementor-element elementor-element-70a5087 elementor-widget elementor-widget-text-editor\" data-id=\"70a5087\" data-element_type=\"widget\" data-widget_type=\"text-editor.default\">\n\t\t\t\t<div class=\"elementor-widget-container\">\n\t\t\t\t\t\t\t\t\t<h3><span style=\"color: #ffffff;\">\u0645\u0643\u062a\u0628\u0646\u0627<\/span><\/h3>\t\t\t\t\t\t\t\t<\/div>\n\t\t\t\t<\/div>\n\t\t<div class=\"elementor-element elementor-element-1cc8722b e-con-full e-flex e-con e-child\" data-id=\"1cc8722b\" data-element_type=\"container\">\n\t\t<div class=\"elementor-element elementor-element-2a32c765 e-flex e-con-boxed e-con e-child\" data-id=\"2a32c765\" data-element_type=\"container\">\n\t\t\t\t\t<div class=\"e-con-inner\">\n\t\t\t\t<div class=\"elementor-element elementor-element-23d91aba elementor-widget elementor-widget-text-editor\" data-id=\"23d91aba\" data-element_type=\"widget\" data-widget_type=\"text-editor.default\">\n\t\t\t\t<div class=\"elementor-widget-container\">\n\t\t\t\t\t\t\t\t\t<h5><span style=\"color: #ffffff;\">\u0627\u0644\u062f\u0627\u0631 \u0627\u0644\u0628\u064a\u0636\u0627\u0621\n<\/span><\/h5>\t\t\t\t\t\t\t\t<\/div>\n\t\t\t\t<\/div>\n\t\t\t\t<div class=\"elementor-element elementor-element-111b4738 elementor-widget elementor-widget-text-editor\" data-id=\"111b4738\" data-element_type=\"widget\" data-widget_type=\"text-editor.default\">\n\t\t\t\t<div class=\"elementor-widget-container\">\n\t\t\t\t\t\t\t\t\t<p><span style=\"color: #ffffff;\"><a href=\"https:\/\/www.google.com\/maps\/place\/Seestrasse,+%D0%A8%D0%B2%D0%B0%D1%98%D1%86%D0%B0%D1%80%D1%81%D0%BA%D0%B0\/@47.2451235,8.6521134,17z\/data=!3m1!4b1!4m6!3m5!1s0x479aa56101b682b5:0xad708f704a6d35d6!8m2!3d47.2451235!4d8.6521134!16s%2Fg%2F1tmxpzxw?entry=ttu\" target=\"_blank\" rel=\"noopener\">41\u060c \u0632\u0646\u0642\u0629 \u0637\u0644\u0648\u0639 \u0627\u0644\u0641\u062c\u0631\u060c \u0631\u0627\u0633\u064a\u0646. \u0627\u0644\u062f\u0627\u0631 \u0627\u0644\u0628\u064a\u0636\u0627\u0621<br \/><\/a><\/span><\/p>\t\t\t\t\t\t\t\t<\/div>\n\t\t\t\t<\/div>\n\t\t\t\t<div class=\"elementor-element elementor-element-54308a1c elementor-widget elementor-widget-text-editor\" data-id=\"54308a1c\" data-element_type=\"widget\" data-widget_type=\"text-editor.default\">\n\t\t\t\t<div class=\"elementor-widget-container\">\n\t\t\t\t\t\t\t\t\t<p><span style=\"color: #ffffff;\"><a href=\"mailto:bridge@example.com\">houyam@matrymonium.com<\/a><\/span><\/p>\t\t\t\t\t\t\t\t<\/div>\n\t\t\t\t<\/div>\n\t\t\t\t<div class=\"elementor-element elementor-element-9af1d0e elementor-widget elementor-widget-text-editor\" data-id=\"9af1d0e\" data-element_type=\"widget\" data-widget_type=\"text-editor.default\">\n\t\t\t\t<div class=\"elementor-widget-container\">\n\t\t\t\t\t\t\t\t\t<a href=\"tel:+1123456789\">212660409290 <\/a>\t\t\t\t\t\t\t\t<\/div>\n\t\t\t\t<\/div>\n\t\t\t\t\t<\/div>\n\t\t\t\t<\/div>\n\t\t\t\t<\/div>\n\t\t\t\t<\/div>\n\t\t\t\t<\/div>\n\t\t\t\t<\/div>\n\t\t<div class=\"elementor-element elementor-element-7e87e639 e-con-full e-flex e-con e-parent\" data-id=\"7e87e639\" data-element_type=\"container\">\n\t\t<div class=\"elementor-element elementor-element-57775c3a e-con-full e-flex e-con e-child\" data-id=\"57775c3a\" data-element_type=\"container\">\n\t\t\t\t<div class=\"elementor-element elementor-element-21c5ced1 elementor-widget elementor-widget-text-editor\" data-id=\"21c5ced1\" data-element_type=\"widget\" data-widget_type=\"text-editor.default\">\n\t\t\t\t<div class=\"elementor-widget-container\">\n\t\t\t\t\t\t\t\t\t<div data-id=\"38c44c9\" data-element_type=\"widget\" data-widget_type=\"halstein_core_section_title.default\">\n<div>\n<div>\n<h3 style=\"letter-spacing: normal; caret-color: #000000; color: #000000;\"><strong>\u0627\u062a\u0635\u0644 \u0628\u0646\u0627<\/strong><\/h3>\n<h2><\/h2>\n<\/div>\n<\/div>\n<\/div>\t\t\t\t\t\t\t\t<\/div>\n\t\t\t\t<\/div>\n\t\t\t\t<\/div>\n\t\t\t\t<\/div>\n\t\t\t\t<\/div>\n\t\t","protected":false},"excerpt":{"rendered":"<p>\u0647\u0644 \u0623\u0646\u062a \u0645\u0633\u062a\u0639\u062f \u0644\u0625\u0639\u0637\u0627\u0621 \u062f\u0641\u0639\u0629 \u062c\u062f\u064a\u062f\u0629 \u0644\u0644\u0628\u062d\u062b \u0639\u0646 \u0634\u0631\u064a\u0643 \u062d\u064a\u0627\u062a\u0643\u061f\u00a0\u0641\u0631\u064a\u0642\u0646\u0627 \u0631\u0647\u0646 \u0625\u0634\u0627\u0631\u062a\u0643 \u0644\u062f\u0639\u0645\u0643 \u0641\u064a \u0643\u0644 \u062e\u0637\u0648\u0629\u060c \u0633\u0648\u0627\u0621 \u0644\u0644\u0639\u062b\u0648\u0631 \u0639\u0644\u0649 \u0627\u0644\u0634\u0631\u064a\u0643 [&hellip;]<\/p>\n","protected":false},"author":1,"featured_media":0,"parent":0,"menu_order":0,"comment_status":"closed","ping_status":"closed","template":"full_width.php","meta":{"site-sidebar-layout":"default","site-content-layout":"","ast-site-content-layout":"default","site-content-style":"default","site-sidebar-style":"default","ast-global-header-display":"","ast-banner-title-visibility":"","ast-main-header-display":"","ast-hfb-above-header-display":"","ast-hfb-below-header-display":"","ast-hfb-mobile-header-display":"","site-post-title":"","ast-breadcrumbs-content":"","ast-featured-img":"","footer-sml-layout":"","ast-disable-related-posts":"","theme-transparent-header-meta":"","adv-header-id-meta":"","stick-header-meta":"","header-above-stick-meta":"","header-main-stick-meta":"","header-below-stick-meta":"","astra-migrate-meta-layouts":"default","ast-page-background-enabled":"default","ast-page-background-meta":{"desktop":{"background-color":"var(--ast-global-color-5)","background-image":"","background-repeat":"repeat","background-position":"center center","background-size":"auto","background-attachment":"scroll","background-type":"","background-media":"","overlay-type":"","overlay-color":"","overlay-opacity":"","overlay-gradient":""},"tablet":{"background-color":"","background-image":"","background-repeat":"repeat","background-position":"center center","background-size":"auto","background-attachment":"scroll","background-type":"","background-media":"","overlay-type":"","overlay-color":"","overlay-opacity":"","overlay-gradient":""},"mobile":{"background-color":"","background-image":"","background-repeat":"repeat","background-position":"center center","background-size":"auto","background-attachment":"scroll","background-type":"","background-media":"","overlay-type":"","overlay-color":"","overlay-opacity":"","overlay-gradient":""}},"ast-content-background-meta":{"desktop":{"background-color":"var(--ast-global-color-4)","background-image":"","background-repeat":"repeat","background-position":"center center","background-size":"auto","background-attachment":"scroll","background-type":"","background-media":"","overlay-type":"","overlay-color":"","overlay-opacity":"","overlay-gradient":""},"tablet":{"background-color":"var(--ast-global-color-4)","background-image":"","background-repeat":"repeat","background-position":"center center","background-size":"auto","background-attachment":"scroll","background-type":"","background-media":"","overlay-type":"","overlay-color":"","overlay-opacity":"","overlay-gradient":""},"mobile":{"background-color":"var(--ast-global-color-4)","background-image":"","background-repeat":"repeat","background-position":"center center","background-size":"auto","background-attachment":"scroll","background-type":"","background-media":"","overlay-type":"","overlay-color":"","overlay-opacity":"","overlay-gradient":""}},"_kadence_starter_templates_imported_post":false,"footnotes":""},"class_list":["post-11932","page","type-page","status-publish","hentry"],"yoast_head":"<!-- This site is optimized with the Yoast SEO plugin v27.1.1 - https:\/\/yoast.com\/product\/yoast-seo-wordpress\/ -->\n<title>\u062a\u0648\u0627\u0635\u0644 \u0645\u0639\u0646\u0627 - Matrymonium<\/title>\n<meta name=\"description\" content=\"Matrymonium est une agence matrimoniale professionnelle, implant\u00e9e au Maroc, sp\u00e9cialis\u00e9e dans l\u2019accompagnement de personnes s\u00e9rieuses en vue de trouver leur partenaire \u00e0 l\u2019\u00e9chelle internationale.\" \/>\n<meta name=\"robots\" content=\"index, follow, max-snippet:-1, max-image-preview:large, max-video-preview:-1\" \/>\n<link rel=\"canonical\" href=\"https:\/\/matrymonium.com\/index.php\/ar\/contact-ar\/\" \/>\n<meta property=\"og:locale\" content=\"fr_FR\" \/>\n<meta property=\"og:type\" content=\"article\" \/>\n<meta property=\"og:title\" content=\"\u062a\u0648\u0627\u0635\u0644 \u0645\u0639\u0646\u0627 - Matrymonium\" \/>\n<meta property=\"og:description\" content=\"Matrymonium est une agence matrimoniale professionnelle, implant\u00e9e au Maroc, sp\u00e9cialis\u00e9e dans l\u2019accompagnement de personnes s\u00e9rieuses en vue de trouver leur partenaire \u00e0 l\u2019\u00e9chelle internationale.\" \/>\n<meta property=\"og:url\" content=\"https:\/\/matrymonium.com\/index.php\/ar\/contact-ar\/\" \/>\n<meta property=\"og:site_name\" content=\"Matrymonium\" \/>\n<meta property=\"article:modified_time\" content=\"2025-04-05T20:40:07+00:00\" \/>\n<meta property=\"og:image\" content=\"https:\/\/matrymonium.com\/wp-content\/uploads\/2025\/07\/aaron-burden-eZrIiv5bKxY-unsplash-scaled.jpg\" \/>\n\t<meta property=\"og:image:width\" content=\"2560\" \/>\n\t<meta property=\"og:image:height\" content=\"1920\" \/>\n\t<meta property=\"og:image:type\" content=\"image\/jpeg\" \/>\n<meta name=\"twitter:card\" content=\"summary_large_image\" \/>\n<meta name=\"twitter:label1\" content=\"Dur\u00e9e de lecture estim\u00e9e\" \/>\n\t<meta name=\"twitter:data1\" content=\"1 minute\" \/>\n<script type=\"application\/ld+json\" class=\"yoast-schema-graph\">{\"@context\":\"https:\/\/schema.org\",\"@graph\":[{\"@type\":\"WebPage\",\"@id\":\"https:\/\/matrymonium.com\/index.php\/ar\/contact-ar\/\",\"url\":\"https:\/\/matrymonium.com\/index.php\/ar\/contact-ar\/\",\"name\":\"\u062a\u0648\u0627\u0635\u0644 \u0645\u0639\u0646\u0627 - Matrymonium\",\"isPartOf\":{\"@id\":\"https:\/\/matrymonium.com\/#website\"},\"datePublished\":\"2024-12-22T11:16:25+00:00\",\"dateModified\":\"2025-04-05T20:40:07+00:00\",\"description\":\"Matrymonium est une agence matrimoniale professionnelle, implant\u00e9e au Maroc, sp\u00e9cialis\u00e9e dans l\u2019accompagnement de personnes s\u00e9rieuses en vue de trouver leur partenaire \u00e0 l\u2019\u00e9chelle internationale.\",\"breadcrumb\":{\"@id\":\"https:\/\/matrymonium.com\/index.php\/ar\/contact-ar\/#breadcrumb\"},\"inLanguage\":\"fr-FR\",\"potentialAction\":[{\"@type\":\"ReadAction\",\"target\":[\"https:\/\/matrymonium.com\/index.php\/ar\/contact-ar\/\"]}]},{\"@type\":\"BreadcrumbList\",\"@id\":\"https:\/\/matrymonium.com\/index.php\/ar\/contact-ar\/#breadcrumb\",\"itemListElement\":[{\"@type\":\"ListItem\",\"position\":1,\"name\":\"Accueil\",\"item\":\"https:\/\/matrymonium.com\/\"},{\"@type\":\"ListItem\",\"position\":2,\"name\":\"\u062a\u0648\u0627\u0635\u0644 \u0645\u0639\u0646\u0627\"}]},{\"@type\":\"WebSite\",\"@id\":\"https:\/\/matrymonium.com\/#website\",\"url\":\"https:\/\/matrymonium.com\/\",\"name\":\"Matrymonium\",\"description\":\"Matrymonium est une agence matrimoniale professionnelle\",\"publisher\":{\"@id\":\"https:\/\/matrymonium.com\/#organization\"},\"potentialAction\":[{\"@type\":\"SearchAction\",\"target\":{\"@type\":\"EntryPoint\",\"urlTemplate\":\"https:\/\/matrymonium.com\/?s={search_term_string}\"},\"query-input\":{\"@type\":\"PropertyValueSpecification\",\"valueRequired\":true,\"valueName\":\"search_term_string\"}}],\"inLanguage\":\"fr-FR\"},{\"@type\":\"Organization\",\"@id\":\"https:\/\/matrymonium.com\/#organization\",\"name\":\"Matrymonium\",\"url\":\"https:\/\/matrymonium.com\/\",\"logo\":{\"@type\":\"ImageObject\",\"inLanguage\":\"fr-FR\",\"@id\":\"https:\/\/matrymonium.com\/#\/schema\/logo\/image\/\",\"url\":\"https:\/\/matrymonium.com\/wp-content\/uploads\/2025\/05\/Fichier-1LOGO-m.svg\",\"contentUrl\":\"https:\/\/matrymonium.com\/wp-content\/uploads\/2025\/05\/Fichier-1LOGO-m.svg\",\"caption\":\"Matrymonium\"},\"image\":{\"@id\":\"https:\/\/matrymonium.com\/#\/schema\/logo\/image\/\"}}]}<\/script>\n<!-- \/ Yoast SEO plugin. -->","yoast_head_json":{"title":"\u062a\u0648\u0627\u0635\u0644 \u0645\u0639\u0646\u0627 - Matrymonium","description":"Matrymonium est une agence matrimoniale professionnelle, implant\u00e9e au Maroc, sp\u00e9cialis\u00e9e dans l\u2019accompagnement de personnes s\u00e9rieuses en vue de trouver leur partenaire \u00e0 l\u2019\u00e9chelle internationale.","robots":{"index":"index","follow":"follow","max-snippet":"max-snippet:-1","max-image-preview":"max-image-preview:large","max-video-preview":"max-video-preview:-1"},"canonical":"https:\/\/matrymonium.com\/index.php\/ar\/contact-ar\/","og_locale":"fr_FR","og_type":"article","og_title":"\u062a\u0648\u0627\u0635\u0644 \u0645\u0639\u0646\u0627 - Matrymonium","og_description":"Matrymonium est une agence matrimoniale professionnelle, implant\u00e9e au Maroc, sp\u00e9cialis\u00e9e dans l\u2019accompagnement de personnes s\u00e9rieuses en vue de trouver leur partenaire \u00e0 l\u2019\u00e9chelle internationale.","og_url":"https:\/\/matrymonium.com\/index.php\/ar\/contact-ar\/","og_site_name":"Matrymonium","article_modified_time":"2025-04-05T20:40:07+00:00","og_image":[{"width":2560,"height":1920,"url":"https:\/\/matrymonium.com\/wp-content\/uploads\/2025\/07\/aaron-burden-eZrIiv5bKxY-unsplash-scaled.jpg","type":"image\/jpeg"}],"twitter_card":"summary_large_image","twitter_misc":{"Dur\u00e9e de lecture estim\u00e9e":"1 minute"},"schema":{"@context":"https:\/\/schema.org","@graph":[{"@type":"WebPage","@id":"https:\/\/matrymonium.com\/index.php\/ar\/contact-ar\/","url":"https:\/\/matrymonium.com\/index.php\/ar\/contact-ar\/","name":"\u062a\u0648\u0627\u0635\u0644 \u0645\u0639\u0646\u0627 - Matrymonium","isPartOf":{"@id":"https:\/\/matrymonium.com\/#website"},"datePublished":"2024-12-22T11:16:25+00:00","dateModified":"2025-04-05T20:40:07+00:00","description":"Matrymonium est une agence matrimoniale professionnelle, implant\u00e9e au Maroc, sp\u00e9cialis\u00e9e dans l\u2019accompagnement de personnes s\u00e9rieuses en vue de trouver leur partenaire \u00e0 l\u2019\u00e9chelle internationale.","breadcrumb":{"@id":"https:\/\/matrymonium.com\/index.php\/ar\/contact-ar\/#breadcrumb"},"inLanguage":"fr-FR","potentialAction":[{"@type":"ReadAction","target":["https:\/\/matrymonium.com\/index.php\/ar\/contact-ar\/"]}]},{"@type":"BreadcrumbList","@id":"https:\/\/matrymonium.com\/index.php\/ar\/contact-ar\/#breadcrumb","itemListElement":[{"@type":"ListItem","position":1,"name":"Accueil","item":"https:\/\/matrymonium.com\/"},{"@type":"ListItem","position":2,"name":"\u062a\u0648\u0627\u0635\u0644 \u0645\u0639\u0646\u0627"}]},{"@type":"WebSite","@id":"https:\/\/matrymonium.com\/#website","url":"https:\/\/matrymonium.com\/","name":"Matrymonium","description":"Matrymonium est une agence matrimoniale professionnelle","publisher":{"@id":"https:\/\/matrymonium.com\/#organization"},"potentialAction":[{"@type":"SearchAction","target":{"@type":"EntryPoint","urlTemplate":"https:\/\/matrymonium.com\/?s={search_term_string}"},"query-input":{"@type":"PropertyValueSpecification","valueRequired":true,"valueName":"search_term_string"}}],"inLanguage":"fr-FR"},{"@type":"Organization","@id":"https:\/\/matrymonium.com\/#organization","name":"Matrymonium","url":"https:\/\/matrymonium.com\/","logo":{"@type":"ImageObject","inLanguage":"fr-FR","@id":"https:\/\/matrymonium.com\/#\/schema\/logo\/image\/","url":"https:\/\/matrymonium.com\/wp-content\/uploads\/2025\/05\/Fichier-1LOGO-m.svg","contentUrl":"https:\/\/matrymonium.com\/wp-content\/uploads\/2025\/05\/Fichier-1LOGO-m.svg","caption":"Matrymonium"},"image":{"@id":"https:\/\/matrymonium.com\/#\/schema\/logo\/image\/"}}]}},"_links":{"self":[{"href":"https:\/\/matrymonium.com\/index.php\/wp-json\/wp\/v2\/pages\/11932","targetHints":{"allow":["GET"]}}],"collection":[{"href":"https:\/\/matrymonium.com\/index.php\/wp-json\/wp\/v2\/pages"}],"about":[{"href":"https:\/\/matrymonium.com\/index.php\/wp-json\/wp\/v2\/types\/page"}],"author":[{"embeddable":true,"href":"https:\/\/matrymonium.com\/index.php\/wp-json\/wp\/v2\/users\/1"}],"replies":[{"embeddable":true,"href":"https:\/\/matrymonium.com\/index.php\/wp-json\/wp\/v2\/comments?post=11932"}],"version-history":[{"count":0,"href":"https:\/\/matrymonium.com\/index.php\/wp-json\/wp\/v2\/pages\/11932\/revisions"}],"wp:attachment":[{"href":"https:\/\/matrymonium.com\/index.php\/wp-json\/wp\/v2\/media?parent=11932"}],"curies":[{"name":"wp","href":"https:\/\/api.w.org\/{rel}","templated":true}]}}