{"id":10741,"date":"2023-10-25T13:10:08","date_gmt":"2023-10-25T13:10:08","guid":{"rendered":"https:\/\/bridge497.qodeinteractive.com\/?page_id=10741"},"modified":"2025-07-11T08:49:40","modified_gmt":"2025-07-11T08:49:40","slug":"contact","status":"publish","type":"page","link":"https:\/\/matrymonium.com\/index.php\/contact\/","title":{"rendered":"Contact"},"content":{"rendered":"\t\t<div data-elementor-type=\"wp-page\" data-elementor-id=\"10741\" class=\"elementor elementor-10741\">\n\t\t\t\t<div class=\"elementor-element elementor-element-5b86df0 e-flex e-con-boxed e-con e-parent\" data-id=\"5b86df0\" data-element_type=\"container\" data-settings=\"{&quot;background_background&quot;:&quot;classic&quot;}\">\n\t\t\t\t\t<div class=\"e-con-inner\">\n\t\t\t\t<div class=\"elementor-element elementor-element-b5cacc7 elementor-widget elementor-widget-qi_addons_for_elementor_section_title\" data-id=\"b5cacc7\" data-element_type=\"widget\" data-widget_type=\"qi_addons_for_elementor_section_title.default\">\n\t\t\t\t<div class=\"elementor-widget-container\">\n\t\t\t\t\t<div class=\"qodef-shortcode qodef-m qodef-qi-section-title qodef-decoration--italic qodef-link--underline-draw qodef-subtitle-icon--left\">\n\t\t\t\t\t\t<h2 class=\"qodef-m-title\">\n\t\tDemande d'informations\t<\/h2>\n\t\t\t<\/div>\n\t\t\t\t<\/div>\n\t\t\t\t<\/div>\n\t\t\t\t\t<\/div>\n\t\t\t\t<\/div>\n\t\t<div class=\"elementor-element elementor-element-4abb88b e-flex e-con-boxed e-con e-parent\" data-id=\"4abb88b\" data-element_type=\"container\">\n\t\t\t\t\t<div class=\"e-con-inner\">\n\t\t\t\t<div class=\"elementor-element elementor-element-892e73e elementor-widget elementor-widget-qi_addons_for_elementor_section_title\" data-id=\"892e73e\" data-element_type=\"widget\" data-widget_type=\"qi_addons_for_elementor_section_title.default\">\n\t\t\t\t<div class=\"elementor-widget-container\">\n\t\t\t\t\t<div class=\"qodef-shortcode qodef-m qodef-qi-section-title qodef-decoration--italic qodef-link--underline-draw qodef-subtitle-icon--left\">\n\t\t\t\t<h5 class=\"qodef-m-subtitle\">\n\t\tNous somme \u00e0 votre \u00e9coute\t\t\t<\/h5>\n\t\t\t<h2 class=\"qodef-m-title\">\n\t\tToutes les demandes seront traite\u0301es avec la plus grande confidentialite\u0301.\t<\/h2>\n\t\t\t<div class=\"qodef-m-text\"><p><b>Une fois votre formulaire re\u00e7u, nous prendrons contact avec vous par email et t\u00e9l\u00e9phone pour convenir d\u2019un rendez-vous personnalis\u00e9 et gratuit, afin de discuter ensemble de votre parcours et de vos attentes. Nous sommes \u00e0 votre \u00e9coute pour vous accompagner avec discr\u00e9tion et bienveillance.<\/b><\/p><\/div>\n\t<\/div>\n\t\t\t\t<\/div>\n\t\t\t\t<\/div>\n\t\t\t\t<div class=\"elementor-element elementor-element-b9ad050 elementor-widget elementor-widget-qi_addons_for_elementor_contact_form_7\" data-id=\"b9ad050\" data-element_type=\"widget\" data-widget_type=\"qi_addons_for_elementor_contact_form_7.default\">\n\t\t\t\t<div class=\"elementor-widget-container\">\n\t\t\t\t\t<div class=\"qodef-shortcode qodef-m qodef-qi-contact-form-7\">\n\t\n<div class=\"wpcf7 no-js\" id=\"wpcf7-f12092-o1\" lang=\"en-US\" dir=\"ltr\" data-wpcf7-id=\"12092\">\n<div class=\"screen-reader-response\"><p role=\"status\" aria-live=\"polite\" aria-atomic=\"true\"><\/p> <ul><\/ul><\/div>\n<form action=\"\/index.php\/wp-json\/wp\/v2\/pages\/10741#wpcf7-f12092-o1\" method=\"post\" class=\"wpcf7-form init\" aria-label=\"Contact form\" novalidate=\"novalidate\" data-status=\"init\">\n<fieldset class=\"hidden-fields-container\"><input type=\"hidden\" name=\"_wpcf7\" value=\"12092\" \/><input type=\"hidden\" name=\"_wpcf7_version\" value=\"6.1\" \/><input type=\"hidden\" name=\"_wpcf7_locale\" value=\"en_US\" \/><input type=\"hidden\" name=\"_wpcf7_unit_tag\" value=\"wpcf7-f12092-o1\" \/><input type=\"hidden\" name=\"_wpcf7_container_post\" value=\"0\" \/><input type=\"hidden\" name=\"_wpcf7_posted_data_hash\" value=\"\" \/>\n<\/fieldset>\n<div class=\"cf7-grid\">\n  <div class=\"cf7-col\">\n    <label>Nom<br><span class=\"wpcf7-form-control-wrap\" data-name=\"nom\"><input size=\"40\" maxlength=\"400\" class=\"wpcf7-form-control wpcf7-text wpcf7-validates-as-required\" aria-required=\"true\" aria-invalid=\"false\" placeholder=\"Votre nom\" value=\"\" type=\"text\" name=\"nom\" \/><\/span><\/label>\n  <\/div>\n  <div class=\"cf7-col\">\n    <label>Pr\u00e9nom<br><span class=\"wpcf7-form-control-wrap\" data-name=\"prenom\"><input size=\"40\" maxlength=\"400\" class=\"wpcf7-form-control wpcf7-text wpcf7-validates-as-required\" aria-required=\"true\" aria-invalid=\"false\" placeholder=\"Votre pr\u00e9nom\" value=\"\" type=\"text\" name=\"prenom\" \/><\/span><\/label>\n  <\/div>\n  <div class=\"cf7-col\">\n    <label>Email<br><span class=\"wpcf7-form-control-wrap\" data-name=\"email\"><input size=\"40\" maxlength=\"400\" class=\"wpcf7-form-control wpcf7-email wpcf7-validates-as-required wpcf7-text wpcf7-validates-as-email\" aria-required=\"true\" aria-invalid=\"false\" placeholder=\"Votre email\" value=\"\" type=\"email\" name=\"email\" \/><\/span><\/label>\n  <\/div>\n  <div class=\"cf7-col\">\n    <label>T\u00e9l\u00e9phone<br><span class=\"wpcf7-form-control-wrap\" data-name=\"telephone\"><input size=\"40\" maxlength=\"400\" class=\"wpcf7-form-control wpcf7-tel wpcf7-validates-as-required wpcf7-text wpcf7-validates-as-tel\" aria-required=\"true\" aria-invalid=\"false\" placeholder=\"Votre t\u00e9l\u00e9phone\" value=\"\" type=\"tel\" name=\"telephone\" \/><\/span><\/label>\n  <\/div>\n<\/div>\n\n<div class=\"cf7-submit-wrapper\">\n  <button type=\"submit\" class=\"wpcf7-submit\">Soumettre une demande<\/button>\n<\/div><div class=\"wpcf7-response-output\" aria-hidden=\"true\"><\/div>\n<\/form>\n<\/div>\n<\/div>\n\t\t\t\t<\/div>\n\t\t\t\t<\/div>\n\t\t\t\t\t<\/div>\n\t\t\t\t<\/div>\n\t\t<div class=\"elementor-element elementor-element-4559b36 e-flex e-con-boxed e-con e-parent\" data-id=\"4559b36\" data-element_type=\"container\">\n\t\t\t\t\t<div class=\"e-con-inner\">\n\t\t<div class=\"elementor-element elementor-element-6746093 e-con-full e-flex e-con e-child\" data-id=\"6746093\" data-element_type=\"container\">\n\t\t\t\t<div class=\"elementor-element elementor-element-42506f3 elementor-widget elementor-widget-qi_addons_for_elementor_section_title\" data-id=\"42506f3\" data-element_type=\"widget\" data-widget_type=\"qi_addons_for_elementor_section_title.default\">\n\t\t\t\t<div class=\"elementor-widget-container\">\n\t\t\t\t\t<div class=\"qodef-shortcode qodef-m qodef-qi-section-title qodef-decoration--italic qodef-link--underline-draw qodef-subtitle-icon--left\">\n\t\t\t\t\t\t<h2 class=\"qodef-m-title\">\n\t\tVous pr\u00e9f\u00e9rez appeler ou envoyer un message ?\t<\/h2>\n\t\t\t<div class=\"qodef-m-text\"><p><b>Vous pouvez nous contacter directement aux coordonn\u00e9es suivantes :\u00a0<\/b><\/p><\/div>\n\t<\/div>\n\t\t\t\t<\/div>\n\t\t\t\t<\/div>\n\t\t\t\t<\/div>\n\t\t<div class=\"elementor-element elementor-element-98df6b7 e-con-full e-flex e-con e-child\" data-id=\"98df6b7\" data-element_type=\"container\">\n\t\t\t\t<div class=\"elementor-element elementor-element-aeec3df elementor-icon-list--layout-traditional elementor-list-item-link-full_width elementor-widget elementor-widget-icon-list\" data-id=\"aeec3df\" data-element_type=\"widget\" data-widget_type=\"icon-list.default\">\n\t\t\t\t<div class=\"elementor-widget-container\">\n\t\t\t\t\t\t\t<ul class=\"elementor-icon-list-items\">\n\t\t\t\t\t\t\t<li class=\"elementor-icon-list-item\">\n\t\t\t\t\t\t\t\t\t\t\t<a href=\"#\">\n\n\t\t\t\t\t\t\t\t\t\t\t\t<span class=\"elementor-icon-list-icon\">\n\t\t\t\t\t\t\t<svg aria-hidden=\"true\" class=\"e-font-icon-svg e-fas-envelope\" viewBox=\"0 0 512 512\" xmlns=\"http:\/\/www.w3.org\/2000\/svg\"><path d=\"M502.3 190.8c3.9-3.1 9.7-.2 9.7 4.7V400c0 26.5-21.5 48-48 48H48c-26.5 0-48-21.5-48-48V195.6c0-5 5.7-7.8 9.7-4.7 22.4 17.4 52.1 39.5 154.1 113.6 21.1 15.4 56.7 47.8 92.2 47.6 35.7.3 72-32.8 92.3-47.6 102-74.1 131.6-96.3 154-113.7zM256 320c23.2.4 56.6-29.2 73.4-41.4 132.7-96.3 142.8-104.7 173.4-128.7 5.8-4.5 9.2-11.5 9.2-18.9v-19c0-26.5-21.5-48-48-48H48C21.5 64 0 85.5 0 112v19c0 7.4 3.4 14.3 9.2 18.9 30.6 23.9 40.7 32.4 173.4 128.7 16.8 12.2 50.2 41.8 73.4 41.4z\"><\/path><\/svg>\t\t\t\t\t\t<\/span>\n\t\t\t\t\t\t\t\t\t\t<span class=\"elementor-icon-list-text\">Houyam@matrymonioum.com<\/span>\n\t\t\t\t\t\t\t\t\t\t\t<\/a>\n\t\t\t\t\t\t\t\t\t<\/li>\n\t\t\t\t\t\t\t\t<li class=\"elementor-icon-list-item\">\n\t\t\t\t\t\t\t\t\t\t\t<span class=\"elementor-icon-list-icon\">\n\t\t\t\t\t\t\t<svg aria-hidden=\"true\" class=\"e-font-icon-svg e-fas-phone-alt\" viewBox=\"0 0 512 512\" xmlns=\"http:\/\/www.w3.org\/2000\/svg\"><path d=\"M497.39 361.8l-112-48a24 24 0 0 0-28 6.9l-49.6 60.6A370.66 370.66 0 0 1 130.6 204.11l60.6-49.6a23.94 23.94 0 0 0 6.9-28l-48-112A24.16 24.16 0 0 0 122.6.61l-104 24A24 24 0 0 0 0 48c0 256.5 207.9 464 464 464a24 24 0 0 0 23.4-18.6l24-104a24.29 24.29 0 0 0-14.01-27.6z\"><\/path><\/svg>\t\t\t\t\t\t<\/span>\n\t\t\t\t\t\t\t\t\t\t<span class=\"elementor-icon-list-text\">+212 6 60 40 92 90<\/span>\n\t\t\t\t\t\t\t\t\t<\/li>\n\t\t\t\t\t\t<\/ul>\n\t\t\t\t\t\t<\/div>\n\t\t\t\t<\/div>\n\t\t\t\t<\/div>\n\t\t\t\t\t<\/div>\n\t\t\t\t<\/div>\n\t\t\t\t<\/div>\n\t\t","protected":false},"excerpt":{"rendered":"<p>Demande d&#8217;informations Nous somme \u00e0 votre \u00e9coute Toutes les demandes seront traite\u0301es avec la plus grande confidentialite\u0301. Une fois votre [&hellip;]<\/p>\n","protected":false},"author":1,"featured_media":0,"parent":0,"menu_order":0,"comment_status":"closed","ping_status":"closed","template":"elementor_header_footer","meta":{"site-sidebar-layout":"default","site-content-layout":"","ast-site-content-layout":"default","site-content-style":"default","site-sidebar-style":"default","ast-global-header-display":"","ast-banner-title-visibility":"","ast-main-header-display":"","ast-hfb-above-header-display":"","ast-hfb-below-header-display":"","ast-hfb-mobile-header-display":"","site-post-title":"","ast-breadcrumbs-content":"","ast-featured-img":"","footer-sml-layout":"","ast-disable-related-posts":"","theme-transparent-header-meta":"","adv-header-id-meta":"","stick-header-meta":"","header-above-stick-meta":"","header-main-stick-meta":"","header-below-stick-meta":"","astra-migrate-meta-layouts":"default","ast-page-background-enabled":"default","ast-page-background-meta":{"desktop":{"background-color":"var(--ast-global-color-5)","background-image":"","background-repeat":"repeat","background-position":"center center","background-size":"auto","background-attachment":"scroll","background-type":"","background-media":"","overlay-type":"","overlay-color":"","overlay-opacity":"","overlay-gradient":""},"tablet":{"background-color":"","background-image":"","background-repeat":"repeat","background-position":"center center","background-size":"auto","background-attachment":"scroll","background-type":"","background-media":"","overlay-type":"","overlay-color":"","overlay-opacity":"","overlay-gradient":""},"mobile":{"background-color":"","background-image":"","background-repeat":"repeat","background-position":"center center","background-size":"auto","background-attachment":"scroll","background-type":"","background-media":"","overlay-type":"","overlay-color":"","overlay-opacity":"","overlay-gradient":""}},"ast-content-background-meta":{"desktop":{"background-color":"var(--ast-global-color-4)","background-image":"","background-repeat":"repeat","background-position":"center center","background-size":"auto","background-attachment":"scroll","background-type":"","background-media":"","overlay-type":"","overlay-color":"","overlay-opacity":"","overlay-gradient":""},"tablet":{"background-color":"var(--ast-global-color-4)","background-image":"","background-repeat":"repeat","background-position":"center center","background-size":"auto","background-attachment":"scroll","background-type":"","background-media":"","overlay-type":"","overlay-color":"","overlay-opacity":"","overlay-gradient":""},"mobile":{"background-color":"var(--ast-global-color-4)","background-image":"","background-repeat":"repeat","background-position":"center center","background-size":"auto","background-attachment":"scroll","background-type":"","background-media":"","overlay-type":"","overlay-color":"","overlay-opacity":"","overlay-gradient":""}},"_kadence_starter_templates_imported_post":false,"footnotes":""},"class_list":["post-10741","page","type-page","status-publish","hentry"],"yoast_head":"<!-- This site is optimized with the Yoast SEO plugin v27.1.1 - https:\/\/yoast.com\/product\/yoast-seo-wordpress\/ -->\n<title>Contact - Matrymonium<\/title>\n<meta name=\"description\" content=\"Matrymonium est une agence matrimoniale professionnelle, implant\u00e9e au Maroc, sp\u00e9cialis\u00e9e dans l\u2019accompagnement de personnes s\u00e9rieuses en vue de trouver leur partenaire \u00e0 l\u2019\u00e9chelle internationale.\" \/>\n<meta name=\"robots\" content=\"index, follow, max-snippet:-1, max-image-preview:large, max-video-preview:-1\" \/>\n<link rel=\"canonical\" href=\"https:\/\/matrymonium.com\/index.php\/contact\/\" \/>\n<meta property=\"og:locale\" content=\"fr_FR\" \/>\n<meta property=\"og:type\" content=\"article\" \/>\n<meta property=\"og:title\" content=\"Contact - Matrymonium\" \/>\n<meta property=\"og:description\" content=\"Matrymonium est une agence matrimoniale professionnelle, implant\u00e9e au Maroc, sp\u00e9cialis\u00e9e dans l\u2019accompagnement de personnes s\u00e9rieuses en vue de trouver leur partenaire \u00e0 l\u2019\u00e9chelle internationale.\" \/>\n<meta property=\"og:url\" content=\"https:\/\/matrymonium.com\/index.php\/contact\/\" \/>\n<meta property=\"og:site_name\" content=\"Matrymonium\" \/>\n<meta property=\"article:modified_time\" content=\"2025-07-11T08:49:40+00:00\" \/>\n<meta property=\"og:image\" content=\"https:\/\/matrymonium.com\/wp-content\/uploads\/2025\/07\/aaron-burden-eZrIiv5bKxY-unsplash-scaled.jpg\" \/>\n\t<meta property=\"og:image:width\" content=\"2560\" \/>\n\t<meta property=\"og:image:height\" content=\"1920\" \/>\n\t<meta property=\"og:image:type\" content=\"image\/jpeg\" \/>\n<meta name=\"twitter:card\" content=\"summary_large_image\" \/>\n<meta name=\"twitter:label1\" content=\"Dur\u00e9e de lecture estim\u00e9e\" \/>\n\t<meta name=\"twitter:data1\" content=\"1 minute\" \/>\n<script type=\"application\/ld+json\" class=\"yoast-schema-graph\">{\"@context\":\"https:\/\/schema.org\",\"@graph\":[{\"@type\":\"WebPage\",\"@id\":\"https:\/\/matrymonium.com\/index.php\/contact\/\",\"url\":\"https:\/\/matrymonium.com\/index.php\/contact\/\",\"name\":\"Contact - Matrymonium\",\"isPartOf\":{\"@id\":\"https:\/\/matrymonium.com\/#website\"},\"datePublished\":\"2023-10-25T13:10:08+00:00\",\"dateModified\":\"2025-07-11T08:49:40+00:00\",\"description\":\"Matrymonium est une agence matrimoniale professionnelle, implant\u00e9e au Maroc, sp\u00e9cialis\u00e9e dans l\u2019accompagnement de personnes s\u00e9rieuses en vue de trouver leur partenaire \u00e0 l\u2019\u00e9chelle internationale.\",\"breadcrumb\":{\"@id\":\"https:\/\/matrymonium.com\/index.php\/contact\/#breadcrumb\"},\"inLanguage\":\"fr-FR\",\"potentialAction\":[{\"@type\":\"ReadAction\",\"target\":[\"https:\/\/matrymonium.com\/index.php\/contact\/\"]}]},{\"@type\":\"BreadcrumbList\",\"@id\":\"https:\/\/matrymonium.com\/index.php\/contact\/#breadcrumb\",\"itemListElement\":[{\"@type\":\"ListItem\",\"position\":1,\"name\":\"Accueil\",\"item\":\"https:\/\/matrymonium.com\/\"},{\"@type\":\"ListItem\",\"position\":2,\"name\":\"Contact\"}]},{\"@type\":\"WebSite\",\"@id\":\"https:\/\/matrymonium.com\/#website\",\"url\":\"https:\/\/matrymonium.com\/\",\"name\":\"Matrymonium\",\"description\":\"Matrymonium est une agence matrimoniale professionnelle\",\"publisher\":{\"@id\":\"https:\/\/matrymonium.com\/#organization\"},\"potentialAction\":[{\"@type\":\"SearchAction\",\"target\":{\"@type\":\"EntryPoint\",\"urlTemplate\":\"https:\/\/matrymonium.com\/?s={search_term_string}\"},\"query-input\":{\"@type\":\"PropertyValueSpecification\",\"valueRequired\":true,\"valueName\":\"search_term_string\"}}],\"inLanguage\":\"fr-FR\"},{\"@type\":\"Organization\",\"@id\":\"https:\/\/matrymonium.com\/#organization\",\"name\":\"Matrymonium\",\"url\":\"https:\/\/matrymonium.com\/\",\"logo\":{\"@type\":\"ImageObject\",\"inLanguage\":\"fr-FR\",\"@id\":\"https:\/\/matrymonium.com\/#\/schema\/logo\/image\/\",\"url\":\"https:\/\/matrymonium.com\/wp-content\/uploads\/2025\/05\/Fichier-1LOGO-m.svg\",\"contentUrl\":\"https:\/\/matrymonium.com\/wp-content\/uploads\/2025\/05\/Fichier-1LOGO-m.svg\",\"caption\":\"Matrymonium\"},\"image\":{\"@id\":\"https:\/\/matrymonium.com\/#\/schema\/logo\/image\/\"}}]}<\/script>\n<!-- \/ Yoast SEO plugin. -->","yoast_head_json":{"title":"Contact - Matrymonium","description":"Matrymonium est une agence matrimoniale professionnelle, implant\u00e9e au Maroc, sp\u00e9cialis\u00e9e dans l\u2019accompagnement de personnes s\u00e9rieuses en vue de trouver leur partenaire \u00e0 l\u2019\u00e9chelle internationale.","robots":{"index":"index","follow":"follow","max-snippet":"max-snippet:-1","max-image-preview":"max-image-preview:large","max-video-preview":"max-video-preview:-1"},"canonical":"https:\/\/matrymonium.com\/index.php\/contact\/","og_locale":"fr_FR","og_type":"article","og_title":"Contact - Matrymonium","og_description":"Matrymonium est une agence matrimoniale professionnelle, implant\u00e9e au Maroc, sp\u00e9cialis\u00e9e dans l\u2019accompagnement de personnes s\u00e9rieuses en vue de trouver leur partenaire \u00e0 l\u2019\u00e9chelle internationale.","og_url":"https:\/\/matrymonium.com\/index.php\/contact\/","og_site_name":"Matrymonium","article_modified_time":"2025-07-11T08:49:40+00:00","og_image":[{"width":2560,"height":1920,"url":"https:\/\/matrymonium.com\/wp-content\/uploads\/2025\/07\/aaron-burden-eZrIiv5bKxY-unsplash-scaled.jpg","type":"image\/jpeg"}],"twitter_card":"summary_large_image","twitter_misc":{"Dur\u00e9e de lecture estim\u00e9e":"1 minute"},"schema":{"@context":"https:\/\/schema.org","@graph":[{"@type":"WebPage","@id":"https:\/\/matrymonium.com\/index.php\/contact\/","url":"https:\/\/matrymonium.com\/index.php\/contact\/","name":"Contact - Matrymonium","isPartOf":{"@id":"https:\/\/matrymonium.com\/#website"},"datePublished":"2023-10-25T13:10:08+00:00","dateModified":"2025-07-11T08:49:40+00:00","description":"Matrymonium est une agence matrimoniale professionnelle, implant\u00e9e au Maroc, sp\u00e9cialis\u00e9e dans l\u2019accompagnement de personnes s\u00e9rieuses en vue de trouver leur partenaire \u00e0 l\u2019\u00e9chelle internationale.","breadcrumb":{"@id":"https:\/\/matrymonium.com\/index.php\/contact\/#breadcrumb"},"inLanguage":"fr-FR","potentialAction":[{"@type":"ReadAction","target":["https:\/\/matrymonium.com\/index.php\/contact\/"]}]},{"@type":"BreadcrumbList","@id":"https:\/\/matrymonium.com\/index.php\/contact\/#breadcrumb","itemListElement":[{"@type":"ListItem","position":1,"name":"Accueil","item":"https:\/\/matrymonium.com\/"},{"@type":"ListItem","position":2,"name":"Contact"}]},{"@type":"WebSite","@id":"https:\/\/matrymonium.com\/#website","url":"https:\/\/matrymonium.com\/","name":"Matrymonium","description":"Matrymonium est une agence matrimoniale professionnelle","publisher":{"@id":"https:\/\/matrymonium.com\/#organization"},"potentialAction":[{"@type":"SearchAction","target":{"@type":"EntryPoint","urlTemplate":"https:\/\/matrymonium.com\/?s={search_term_string}"},"query-input":{"@type":"PropertyValueSpecification","valueRequired":true,"valueName":"search_term_string"}}],"inLanguage":"fr-FR"},{"@type":"Organization","@id":"https:\/\/matrymonium.com\/#organization","name":"Matrymonium","url":"https:\/\/matrymonium.com\/","logo":{"@type":"ImageObject","inLanguage":"fr-FR","@id":"https:\/\/matrymonium.com\/#\/schema\/logo\/image\/","url":"https:\/\/matrymonium.com\/wp-content\/uploads\/2025\/05\/Fichier-1LOGO-m.svg","contentUrl":"https:\/\/matrymonium.com\/wp-content\/uploads\/2025\/05\/Fichier-1LOGO-m.svg","caption":"Matrymonium"},"image":{"@id":"https:\/\/matrymonium.com\/#\/schema\/logo\/image\/"}}]}},"_links":{"self":[{"href":"https:\/\/matrymonium.com\/index.php\/wp-json\/wp\/v2\/pages\/10741","targetHints":{"allow":["GET"]}}],"collection":[{"href":"https:\/\/matrymonium.com\/index.php\/wp-json\/wp\/v2\/pages"}],"about":[{"href":"https:\/\/matrymonium.com\/index.php\/wp-json\/wp\/v2\/types\/page"}],"author":[{"embeddable":true,"href":"https:\/\/matrymonium.com\/index.php\/wp-json\/wp\/v2\/users\/1"}],"replies":[{"embeddable":true,"href":"https:\/\/matrymonium.com\/index.php\/wp-json\/wp\/v2\/comments?post=10741"}],"version-history":[{"count":99,"href":"https:\/\/matrymonium.com\/index.php\/wp-json\/wp\/v2\/pages\/10741\/revisions"}],"predecessor-version":[{"id":13622,"href":"https:\/\/matrymonium.com\/index.php\/wp-json\/wp\/v2\/pages\/10741\/revisions\/13622"}],"wp:attachment":[{"href":"https:\/\/matrymonium.com\/index.php\/wp-json\/wp\/v2\/media?parent=10741"}],"curies":[{"name":"wp","href":"https:\/\/api.w.org\/{rel}","templated":true}]}}